{"id":14165,"date":"2023-02-23T10:02:50","date_gmt":"2023-02-23T09:02:50","guid":{"rendered":"http:\/\/wp.primigi.it\/%d0%bf%d0%be%d0%bb%d0%b8%d1%82%d0%b8%d0%ba%d0%b0-%d0%ba%d0%be%d0%bd%d1%84%d0%b8%d0%b4%d0%b5%d0%bd%d1%86%d0%b8%d0%b0%d0%bb%d1%8c%d0%bd%d0%be%d1%81%d1%82%d0%b8\/"},"modified":"2023-05-19T17:38:16","modified_gmt":"2023-05-19T15:38:16","slug":"%d0%bf%d0%be%d0%bb%d0%b8%d1%82%d0%b8%d0%ba%d0%b0-%d0%ba%d0%be%d0%bd%d1%84%d0%b8%d0%b4%d0%b5%d0%bd%d1%86%d0%b8%d0%b0%d0%bb%d1%8c%d0%bd%d0%be%d1%81%d1%82%d0%b8","status":"publish","type":"page","link":"https:\/\/www.primigi.it\/ru\/%D0%BF%D0%BE%D0%BB%D0%B8%D1%82%D0%B8%D0%BA%D0%B0-%D0%BA%D0%BE%D0%BD%D1%84%D0%B8%D0%B4%D0%B5%D0%BD%D1%86%D0%B8%D0%B0%D0%BB%D1%8C%D0%BD%D0%BE%D1%81%D1%82%D0%B8\/","title":{"rendered":"\u041f\u043e\u043b\u0438\u0442\u0438\u043a\u0430 \u043a\u043e\u043d\u0444\u0438\u0434\u0435\u043d\u0446\u0438\u0430\u043b\u044c\u043d\u043e\u0441\u0442\u0438"},"content":{"rendered":"\t\t<div data-elementor-type=\"wp-page\" data-elementor-id=\"14165\" class=\"elementor elementor-14165 elementor-3\" data-elementor-post-type=\"page\">\n\t\t\t\t\t\t\t\t\t<section class=\"elementor-section elementor-top-section elementor-element elementor-element-9863fe9 elementor-section-boxed elementor-section-height-default elementor-section-height-default\" data-id=\"9863fe9\" data-element_type=\"section\">\n\t\t\t\t\t\t<div class=\"elementor-container elementor-column-gap-default\">\n\t\t\t\t\t<div class=\"elementor-column elementor-col-100 elementor-top-column elementor-element elementor-element-bf67676\" data-id=\"bf67676\" data-element_type=\"column\">\n\t\t\t<div class=\"elementor-widget-wrap elementor-element-populated\">\n\t\t\t\t\t\t\t\t<div class=\"elementor-element elementor-element-c358f56 elementor-widget elementor-widget-titolo-e-testo\" data-id=\"c358f56\" data-element_type=\"widget\" data-widget_type=\"titolo-e-testo.default\">\n\t\t\t\t<div class=\"elementor-widget-container\">\n\t\t\t<div class=\"titolo-e-testo\"><div class=\"text__container\"><div class=\"text\" style=\"\"><p>DATI SOCIETARI<br \/>IMAC S.p.A.<br \/>Via Menocchia 27<br \/>63010 Montefiore dell\u2019Aso (AP)<br \/>P. IVA n. 00985500446 - REA AP n. 105093<\/p>\n<p>\u00a0<\/p>\n<p><strong>TERMINI DI UTILIZZO<\/strong><\/p>\n<p>\u00a0<\/p>\n<p>Si raccomanda di leggere con attenzione le condizioni e termini di utilizzo del Sito.<\/p>\n<p>L\u2019accesso al dominio www.primigi.it e\/o www.primigi.com nonch\u00e9 relativi sottodomini \u2013 di seguito, complessivamente il Sito \u2013 e qualsiasi uso delle informazioni che il Sito stesso contiene \u00e8 soggetto alle seguenti condizioni e termini d\u2019uso (d\u2019ora in avanti, le Condizioni), che hanno lo scopo di garantire il miglior uso del Sito, nel rispetto dei diritti di tutti e della propriet\u00e0 intellettuale.<br \/>L\u2019accesso, la consultazione e l\u2019utilizzo di una o pi\u00f9 pagine web del Sito comportano la piena ed incondizionata accettazione da parte dell\u2019utente delle presenti Condizioni.<br \/>IMAC S.p.A. (di seguito, IMAC) si riserva il diritto di modificare, a propria discrezione ed in qualsiasi momento, le presenti Condizioni di utilizzo del Sito.<br \/>L\u2019utilizzo del Sito successivo a tali modifiche comporta l\u2019accettazione delle Condizioni di utilizzo nella loro versione modificata e della loro obbligatoriet\u00e0.<\/p>\n<p>\u00a0<\/p>\n<p><strong>1) PROPRIETA\u2019 INTELLETTUALE E MARCHI<\/strong><\/p>\n<p>Questo Sito nel suo complesso, e tutto il materiale in esso contenuto (qualsiasi testo, logo, marchio, immagine, animazione, ecc\u2026), \u00e8 protetto dalle norme sui diritti d\u2019autore e dalle altre leggi vigenti in materia di marchi e propriet\u00e0 intellettuale.<br \/>Il suddetto materiale \u00e8 di propriet\u00e0 di IMAC o delle sue controllate o collegate (se non diversamente indicato), ovvero il suo utilizzo \u00e8 autorizzato dai licenzianti. Tale materiale comprende, a titolo meramente esemplificativo, fotografie, immagini, illustrazioni, testi, filmati, registrazioni sonore, disegni, logotipi, marchi commerciali, o qualsiasi altro materiale contenuto nel Sito, nonch\u00e9 il software utilizzato per progettare e realizzare il Sito stesso. Tutti i diritti sono riservati in tutti i paesi del mondo.<br \/>Il nome e il marchio PRIMIGI e tutti gli altri segni caratteristici legati a PRIMIGI, siano essi registrati o meno, sono marchi commerciali o di servizio di IMAC.<br \/>Il materiale contenuto nel Sito \u00e8 presentato a solo scopo informativo o promozionale. L\u2019utilizzo del Sito \u00e8 consentito esclusivamente per fini personali e non commerciali. E\u2019 consentito inoltre scaricare o copiare il materiale presente nel Sito per utilizzo esclusivamente personale e non commerciale; tuttavia, ci\u00f2 non conferisce all\u2019utente alcun diritto, licenza, titolarit\u00e0 o interesse sul materiale scaricato e\/o copiato attraverso il Sito. Non \u00e8 consentito riprodurre (per fini diversi dall\u2019utilizzo personale e non commerciale), pubblicare, trasmettere, distribuire, esporre, rimuovere, cancellare, aggiungere ovvero in qualsiasi altro modo modificare, in tutto o in parte, il Sito e\/o il materiale in esso contenuto e\/o il relativo software, nonch\u00e9 creare opere in qualche modo loro ispirate, venderli oppure prendere parte alla loro vendita. E\u2019 severamente vietato qualsiasi altro utilizzo del materiale contenuto nel Sito, inclusa la riproduzione a fini diversi dall\u2019uso a mero scopo personale, senza la preventiva autorizzazione scritta di IMAC.<\/p>\n<p>\u00a0<\/p>\n<p><strong>2) MATERIALE INVIATO E CONTRIBUTI<\/strong><\/p>\n<p>L\u2019utente riconosce che eventuali contributi, proposte, concetti, fotografie o qualsiasi altro contenuto o materiale (ad esclusione dei dati personali) comunicato od inviato a IMAC tramite il presente Sito o con altre modalit\u00e0 (di seguito, il \u201cMateriale inviato\u201d) non costituiscono materiale riservato e non sono di propriet\u00e0 del mittente, ma diventeranno e rimarranno di propriet\u00e0 di IMAC. Tali eventuali comunicazioni od invii di materiale da parte dell\u2019utente implicano la cessione a IMAC di ogni diritto, titolo e interesse, compresi quelli derivanti dal copyright, sul Materiale inviato. IMAC non sar\u00e0 tenuta in futuro: i) a mantenere riservato l\u2019eventuale Materiale inviato; ii) a corrispondere alcun compenso per l\u2019uso del Materiale inviato o in relazione ad esso; iii) a rispondere agli invii di Materiale e\/o a confermarne il ricevimento. L\u2019utente dichiara e garantisce che il Materiale da lui inviato non viola in alcun modo eventuali diritti di terzi, ivi inclusi, a titolo meramente esemplificativo e non esaustivo, i diritti relativi a copyright, marchi commerciali, brevetti, segreti industriali ed altri diritti di propriet\u00e0. Effettuando un invio di Materiale, l\u2019utente riconosce il diritto, ma non il dovere, di IMAC, di copiare, pubblicare, distribuire o utilizzare detto Materiale inviato, o parte di esso, per qualsiasi scopo, ivi incluso, a titolo meramente esemplificativo, a fini pubblicitari, promozionali, di sviluppo di prodotti o con altre finalit\u00e0 commerciali, senza che ci\u00f2 conferisce all\u2019utente o a terzi il diritto di ricevere un compenso.<\/p>\n<p>\u00a0<\/p>\n<p><strong>3) COLLEGAMENTI AD ALTRI SITI<\/strong><\/p>\n<p>Il presente Sito potrebbe contenere collegamenti ad altri siti web. IMAC non potr\u00e0 essere ritenuta responsabile della raggiungibilit\u00e0 dei siti di terzi, n\u00e9 dei loro contenuti e\/o del materiale ottenuto tramite detti siti. Gli eventuali collegamenti ipertestuali ad altri siti e\/o i riferimenti ad informazioni, prodotti o servizi di terzi, ancorch\u00e9 collegati al presente Sito, non rappresentano n\u00e9 potranno essere mai interpretati come un\u2019approvazione dei medesimi da parte di IMAC. Eventuali domande o commenti relativi a detti siti dovranno essere indirizzati esclusivamente ai rispettivi operatori e\/o titolare dei ridetti siti.<\/p>\n<p>\u00a0<\/p>\n<p><strong>4) PRODOTTI<\/strong><\/p>\n<p>I prodotti descritti nel presente Sito fanno parte della collezione PRIMIGI. Questo Sito comunque pu\u00f2 non contenere tutti i prodotti PRIMIGI, n\u00e9 tutti i prodotti presentati nel Sito sono o saranno necessariamente disponibili in tutti i negozi che espongo il marchio PRIMIGI.<br \/>IMAC si riserva di modificare senza alcun preavviso lo stile, il design, i modelli ed i colori dei prodotti PRIMIGI presentati nel presente Sito.<\/p>\n<p>\u00a0<\/p>\n<p><strong>5) ASSENZA DI GARANZIE<\/strong><\/p>\n<p>IMAC non fornisce attraverso il Sito alcuna attestazione di fatti n\u00e9 presta, direttamente o indirettamente, alcuna garanzia in relazione ai contenuti del presente Sito; in particolare, nessuna garanzia viene prestata in ordine all\u2019assenza di programmi potenzialmente dannosi (come virus, worms, trojan, ecc\u2026) nonch\u00e9 sulla idoneit\u00e0 dei contenuti del Sito per finalit\u00e0 specifiche od usi commerciali. IMAC non dichiara n\u00e9 garantisce che le informazioni contenute nel Sito siano accurate, complete o aggiornate, che il Sito non contenga imperfezioni e che le eventuali imperfezioni saranno corrette. Utilizzando il Sito l\u2019utente accetta di farsi carico di tutti i rischi connessi a tale utilizzo e riconosce che in nessun caso IMAC potr\u00e0 essere ritenuta responsabile dell\u2019eventuale mancato utilizzo, della perdita di dati e dei costi connessi alle necessarie attivit\u00e0 di assistenza e riparazione dei propri dispositivi impiegati in relazione al Sito.<\/p>\n<p>\u00a0<\/p>\n<p><strong>6) ESCLUSIONE DI RESPONSABILITA\u2019<\/strong><\/p>\n<p>Il materiale del Sito potrebbe contenere errori, imperfezioni o refusi. IMAC non potr\u00e0 essere in alcun modo ritenuta responsabile di eventuali imprecisioni e\/o errori n\u00e9 di perdite o danni dipendenti o derivati dall\u2019affidamento dell\u2019utente sulle informazioni ricavate dal presente Sito. Costituisce obbligo e responsabilit\u00e0 dell\u2019utente valutare la correttezza e l\u2019accuratezza delle informazioni disponibili su questo Sito. IMAC si riserva il diritto di modificare in qualunque momento, e senza preavviso, il presente Sito ed i suoi contenuti.<\/p><\/div><\/div><\/div>\t\t<\/div>\n\t\t\t\t<\/div>\n\t\t\t\t\t<\/div>\n\t\t<\/div>\n\t\t\t\t\t\t\t<\/div>\n\t\t<\/section>\n\t\t\t\t\t\t\t<\/div>\n\t\t","protected":false},"excerpt":{"rendered":"<p>DATI SOCIETARIIMAC S.p.A.Via Menocchia 2763010 Montefiore dell\u2019Aso (AP)P. IVA n. 00985500446 &#8212; REA AP n. 105093 \u00a0 TERMINI DI UTILIZZO \u00a0 Si raccomanda di leggere con attenzione le condizioni e termini di utilizzo del Sito. L\u2019accesso al dominio www.primigi.it e\/o www.primigi.com nonch\u00e9 relativi sottodomini \u2013 di seguito, complessivamente il Sito \u2013 e qualsiasi uso delle &hellip;<\/p>\n<p class=\"read-more\"> <a class=\"\" href=\"https:\/\/www.primigi.it\/ru\/%D0%BF%D0%BE%D0%BB%D0%B8%D1%82%D0%B8%D0%BA%D0%B0-%D0%BA%D0%BE%D0%BD%D1%84%D0%B8%D0%B4%D0%B5%D0%BD%D1%86%D0%B8%D0%B0%D0%BB%D1%8C%D0%BD%D0%BE%D1%81%D1%82%D0%B8\/\"> <span class=\"screen-reader-text\">\u041f\u043e\u043b\u0438\u0442\u0438\u043a\u0430 \u043a\u043e\u043d\u0444\u0438\u0434\u0435\u043d\u0446\u0438\u0430\u043b\u044c\u043d\u043e\u0441\u0442\u0438<\/span> \u0427\u0438\u0442\u0430\u0442\u044c \u0434\u0430\u043b\u0435\u0435 \u00bb<\/a><\/p>\n","protected":false},"author":11,"featured_media":0,"parent":0,"menu_order":0,"comment_status":"closed","ping_status":"closed","template":"","meta":{"site-sidebar-layout":"default","site-content-layout":"default","ast-global-header-display":"","ast-banner-title-visibility":"","ast-main-header-display":"","ast-hfb-above-header-display":"","ast-hfb-below-header-display":"","ast-hfb-mobile-header-display":"","site-post-title":"","ast-breadcrumbs-content":"","ast-featured-img":"","footer-sml-layout":"","theme-transparent-header-meta":"","adv-header-id-meta":"","stick-header-meta":"","header-above-stick-meta":"","header-main-stick-meta":"","header-below-stick-meta":""},"acf":[],"yoast_head":"<!-- This site is optimized with the Yoast SEO plugin v20.11 - https:\/\/yoast.com\/wordpress\/plugins\/seo\/ -->\n<title>\u041f\u043e\u043b\u0438\u0442\u0438\u043a\u0430 \u043a\u043e\u043d\u0444\u0438\u0434\u0435\u043d\u0446\u0438\u0430\u043b\u044c\u043d\u043e\u0441\u0442\u0438 - Primigi<\/title>\n<meta name=\"robots\" content=\"index, follow, max-snippet:-1, max-image-preview:large, max-video-preview:-1\" \/>\n<link rel=\"canonical\" href=\"https:\/\/www.primigi.it\/ru\/%D0%BF%D0%BE%D0%BB%D0%B8%D1%82%D0%B8%D0%BA%D0%B0-%D0%BA%D0%BE%D0%BD%D1%84%D0%B8%D0%B4%D0%B5%D0%BD%D1%86%D0%B8%D0%B0%D0%BB%D1%8C%D0%BD%D0%BE%D1%81%D1%82%D0%B8\/\" \/>\n<meta property=\"og:locale\" content=\"ru_RU\" \/>\n<meta property=\"og:type\" content=\"article\" \/>\n<meta property=\"og:title\" content=\"\u041f\u043e\u043b\u0438\u0442\u0438\u043a\u0430 \u043a\u043e\u043d\u0444\u0438\u0434\u0435\u043d\u0446\u0438\u0430\u043b\u044c\u043d\u043e\u0441\u0442\u0438 - Primigi\" \/>\n<meta property=\"og:description\" content=\"DATI SOCIETARIIMAC S.p.A.Via Menocchia 2763010 Montefiore dell\u2019Aso (AP)P. IVA n. 00985500446 &#8212; REA AP n. 105093 \u00a0 TERMINI DI UTILIZZO \u00a0 Si raccomanda di leggere con attenzione le condizioni e termini di utilizzo del Sito. L\u2019accesso al dominio www.primigi.it e\/o www.primigi.com nonch\u00e9 relativi sottodomini \u2013 di seguito, complessivamente il Sito \u2013 e qualsiasi uso delle &hellip; \u041f\u043e\u043b\u0438\u0442\u0438\u043a\u0430 \u043a\u043e\u043d\u0444\u0438\u0434\u0435\u043d\u0446\u0438\u0430\u043b\u044c\u043d\u043e\u0441\u0442\u0438 \u0427\u0438\u0442\u0430\u0442\u044c \u0434\u0430\u043b\u0435\u0435 \u00bb\" \/>\n<meta property=\"og:url\" content=\"https:\/\/www.primigi.it\/ru\/%D0%BF%D0%BE%D0%BB%D0%B8%D1%82%D0%B8%D0%BA%D0%B0-%D0%BA%D0%BE%D0%BD%D1%84%D0%B8%D0%B4%D0%B5%D0%BD%D1%86%D0%B8%D0%B0%D0%BB%D1%8C%D0%BD%D0%BE%D1%81%D1%82%D0%B8\/\" \/>\n<meta property=\"og:site_name\" content=\"Primigi\" \/>\n<meta property=\"article:modified_time\" content=\"2023-05-19T15:38:16+00:00\" \/>\n<meta name=\"twitter:card\" content=\"summary_large_image\" \/>\n<meta name=\"twitter:label1\" content=\"\u041f\u0440\u0438\u043c\u0435\u0440\u043d\u043e\u0435 \u0432\u0440\u0435\u043c\u044f \u0434\u043b\u044f \u0447\u0442\u0435\u043d\u0438\u044f\" \/>\n\t<meta name=\"twitter:data1\" content=\"6 \u043c\u0438\u043d\u0443\u0442\" \/>\n<script type=\"application\/ld+json\" class=\"yoast-schema-graph\">{\"@context\":\"https:\/\/schema.org\",\"@graph\":[{\"@type\":\"WebPage\",\"@id\":\"https:\/\/www.primigi.it\/ru\/%D0%BF%D0%BE%D0%BB%D0%B8%D1%82%D0%B8%D0%BA%D0%B0-%D0%BA%D0%BE%D0%BD%D1%84%D0%B8%D0%B4%D0%B5%D0%BD%D1%86%D0%B8%D0%B0%D0%BB%D1%8C%D0%BD%D0%BE%D1%81%D1%82%D0%B8\/\",\"url\":\"https:\/\/www.primigi.it\/ru\/%D0%BF%D0%BE%D0%BB%D0%B8%D1%82%D0%B8%D0%BA%D0%B0-%D0%BA%D0%BE%D0%BD%D1%84%D0%B8%D0%B4%D0%B5%D0%BD%D1%86%D0%B8%D0%B0%D0%BB%D1%8C%D0%BD%D0%BE%D1%81%D1%82%D0%B8\/\",\"name\":\"\u041f\u043e\u043b\u0438\u0442\u0438\u043a\u0430 \u043a\u043e\u043d\u0444\u0438\u0434\u0435\u043d\u0446\u0438\u0430\u043b\u044c\u043d\u043e\u0441\u0442\u0438 - Primigi\",\"isPartOf\":{\"@id\":\"https:\/\/www.primigi.it\/ru\/#website\"},\"datePublished\":\"2023-02-23T09:02:50+00:00\",\"dateModified\":\"2023-05-19T15:38:16+00:00\",\"breadcrumb\":{\"@id\":\"https:\/\/www.primigi.it\/ru\/%D0%BF%D0%BE%D0%BB%D0%B8%D1%82%D0%B8%D0%BA%D0%B0-%D0%BA%D0%BE%D0%BD%D1%84%D0%B8%D0%B4%D0%B5%D0%BD%D1%86%D0%B8%D0%B0%D0%BB%D1%8C%D0%BD%D0%BE%D1%81%D1%82%D0%B8\/#breadcrumb\"},\"inLanguage\":\"ru-RU\",\"potentialAction\":[{\"@type\":\"ReadAction\",\"target\":[\"https:\/\/www.primigi.it\/ru\/%D0%BF%D0%BE%D0%BB%D0%B8%D1%82%D0%B8%D0%BA%D0%B0-%D0%BA%D0%BE%D0%BD%D1%84%D0%B8%D0%B4%D0%B5%D0%BD%D1%86%D0%B8%D0%B0%D0%BB%D1%8C%D0%BD%D0%BE%D1%81%D1%82%D0%B8\/\"]}]},{\"@type\":\"BreadcrumbList\",\"@id\":\"https:\/\/www.primigi.it\/ru\/%D0%BF%D0%BE%D0%BB%D0%B8%D1%82%D0%B8%D0%BA%D0%B0-%D0%BA%D0%BE%D0%BD%D1%84%D0%B8%D0%B4%D0%B5%D0%BD%D1%86%D0%B8%D0%B0%D0%BB%D1%8C%D0%BD%D0%BE%D1%81%D1%82%D0%B8\/#breadcrumb\",\"itemListElement\":[{\"@type\":\"ListItem\",\"position\":1,\"name\":\"Home\",\"item\":\"https:\/\/www.primigi.it\/ru\/\"},{\"@type\":\"ListItem\",\"position\":2,\"name\":\"\u041f\u043e\u043b\u0438\u0442\u0438\u043a\u0430 \u043a\u043e\u043d\u0444\u0438\u0434\u0435\u043d\u0446\u0438\u0430\u043b\u044c\u043d\u043e\u0441\u0442\u0438\"}]},{\"@type\":\"WebSite\",\"@id\":\"https:\/\/www.primigi.it\/ru\/#website\",\"url\":\"https:\/\/www.primigi.it\/ru\/\",\"name\":\"Primigi\",\"description\":\"Scarpe e abbigliamento per bambino e bambina\",\"publisher\":{\"@id\":\"https:\/\/www.primigi.it\/ru\/#organization\"},\"potentialAction\":[{\"@type\":\"SearchAction\",\"target\":{\"@type\":\"EntryPoint\",\"urlTemplate\":\"https:\/\/www.primigi.it\/ru\/?s={search_term_string}\"},\"query-input\":\"required name=search_term_string\"}],\"inLanguage\":\"ru-RU\"},{\"@type\":\"Organization\",\"@id\":\"https:\/\/www.primigi.it\/ru\/#organization\",\"name\":\"Primigi\",\"url\":\"https:\/\/www.primigi.it\/ru\/\",\"logo\":{\"@type\":\"ImageObject\",\"inLanguage\":\"ru-RU\",\"@id\":\"https:\/\/www.primigi.it\/ru\/#\/schema\/logo\/image\/\",\"url\":\"https:\/\/www.primigi.it\/wp-content\/uploads\/2023\/03\/cropped-Primigi_logo50_vert-200.png\",\"contentUrl\":\"https:\/\/www.primigi.it\/wp-content\/uploads\/2023\/03\/cropped-Primigi_logo50_vert-200.png\",\"width\":200,\"height\":208,\"caption\":\"Primigi\"},\"image\":{\"@id\":\"https:\/\/www.primigi.it\/ru\/#\/schema\/logo\/image\/\"}}]}<\/script>\n<!-- \/ Yoast SEO plugin. -->","yoast_head_json":{"title":"\u041f\u043e\u043b\u0438\u0442\u0438\u043a\u0430 \u043a\u043e\u043d\u0444\u0438\u0434\u0435\u043d\u0446\u0438\u0430\u043b\u044c\u043d\u043e\u0441\u0442\u0438 - Primigi","robots":{"index":"index","follow":"follow","max-snippet":"max-snippet:-1","max-image-preview":"max-image-preview:large","max-video-preview":"max-video-preview:-1"},"canonical":"https:\/\/www.primigi.it\/ru\/%D0%BF%D0%BE%D0%BB%D0%B8%D1%82%D0%B8%D0%BA%D0%B0-%D0%BA%D0%BE%D0%BD%D1%84%D0%B8%D0%B4%D0%B5%D0%BD%D1%86%D0%B8%D0%B0%D0%BB%D1%8C%D0%BD%D0%BE%D1%81%D1%82%D0%B8\/","og_locale":"ru_RU","og_type":"article","og_title":"\u041f\u043e\u043b\u0438\u0442\u0438\u043a\u0430 \u043a\u043e\u043d\u0444\u0438\u0434\u0435\u043d\u0446\u0438\u0430\u043b\u044c\u043d\u043e\u0441\u0442\u0438 - Primigi","og_description":"DATI SOCIETARIIMAC S.p.A.Via Menocchia 2763010 Montefiore dell\u2019Aso (AP)P. IVA n. 00985500446 &#8212; REA AP n. 105093 \u00a0 TERMINI DI UTILIZZO \u00a0 Si raccomanda di leggere con attenzione le condizioni e termini di utilizzo del Sito. L\u2019accesso al dominio www.primigi.it e\/o www.primigi.com nonch\u00e9 relativi sottodomini \u2013 di seguito, complessivamente il Sito \u2013 e qualsiasi uso delle &hellip; \u041f\u043e\u043b\u0438\u0442\u0438\u043a\u0430 \u043a\u043e\u043d\u0444\u0438\u0434\u0435\u043d\u0446\u0438\u0430\u043b\u044c\u043d\u043e\u0441\u0442\u0438 \u0427\u0438\u0442\u0430\u0442\u044c \u0434\u0430\u043b\u0435\u0435 \u00bb","og_url":"https:\/\/www.primigi.it\/ru\/%D0%BF%D0%BE%D0%BB%D0%B8%D1%82%D0%B8%D0%BA%D0%B0-%D0%BA%D0%BE%D0%BD%D1%84%D0%B8%D0%B4%D0%B5%D0%BD%D1%86%D0%B8%D0%B0%D0%BB%D1%8C%D0%BD%D0%BE%D1%81%D1%82%D0%B8\/","og_site_name":"Primigi","article_modified_time":"2023-05-19T15:38:16+00:00","twitter_card":"summary_large_image","twitter_misc":{"\u041f\u0440\u0438\u043c\u0435\u0440\u043d\u043e\u0435 \u0432\u0440\u0435\u043c\u044f \u0434\u043b\u044f \u0447\u0442\u0435\u043d\u0438\u044f":"6 \u043c\u0438\u043d\u0443\u0442"},"schema":{"@context":"https:\/\/schema.org","@graph":[{"@type":"WebPage","@id":"https:\/\/www.primigi.it\/ru\/%D0%BF%D0%BE%D0%BB%D0%B8%D1%82%D0%B8%D0%BA%D0%B0-%D0%BA%D0%BE%D0%BD%D1%84%D0%B8%D0%B4%D0%B5%D0%BD%D1%86%D0%B8%D0%B0%D0%BB%D1%8C%D0%BD%D0%BE%D1%81%D1%82%D0%B8\/","url":"https:\/\/www.primigi.it\/ru\/%D0%BF%D0%BE%D0%BB%D0%B8%D1%82%D0%B8%D0%BA%D0%B0-%D0%BA%D0%BE%D0%BD%D1%84%D0%B8%D0%B4%D0%B5%D0%BD%D1%86%D0%B8%D0%B0%D0%BB%D1%8C%D0%BD%D0%BE%D1%81%D1%82%D0%B8\/","name":"\u041f\u043e\u043b\u0438\u0442\u0438\u043a\u0430 \u043a\u043e\u043d\u0444\u0438\u0434\u0435\u043d\u0446\u0438\u0430\u043b\u044c\u043d\u043e\u0441\u0442\u0438 - Primigi","isPartOf":{"@id":"https:\/\/www.primigi.it\/ru\/#website"},"datePublished":"2023-02-23T09:02:50+00:00","dateModified":"2023-05-19T15:38:16+00:00","breadcrumb":{"@id":"https:\/\/www.primigi.it\/ru\/%D0%BF%D0%BE%D0%BB%D0%B8%D1%82%D0%B8%D0%BA%D0%B0-%D0%BA%D0%BE%D0%BD%D1%84%D0%B8%D0%B4%D0%B5%D0%BD%D1%86%D0%B8%D0%B0%D0%BB%D1%8C%D0%BD%D0%BE%D1%81%D1%82%D0%B8\/#breadcrumb"},"inLanguage":"ru-RU","potentialAction":[{"@type":"ReadAction","target":["https:\/\/www.primigi.it\/ru\/%D0%BF%D0%BE%D0%BB%D0%B8%D1%82%D0%B8%D0%BA%D0%B0-%D0%BA%D0%BE%D0%BD%D1%84%D0%B8%D0%B4%D0%B5%D0%BD%D1%86%D0%B8%D0%B0%D0%BB%D1%8C%D0%BD%D0%BE%D1%81%D1%82%D0%B8\/"]}]},{"@type":"BreadcrumbList","@id":"https:\/\/www.primigi.it\/ru\/%D0%BF%D0%BE%D0%BB%D0%B8%D1%82%D0%B8%D0%BA%D0%B0-%D0%BA%D0%BE%D0%BD%D1%84%D0%B8%D0%B4%D0%B5%D0%BD%D1%86%D0%B8%D0%B0%D0%BB%D1%8C%D0%BD%D0%BE%D1%81%D1%82%D0%B8\/#breadcrumb","itemListElement":[{"@type":"ListItem","position":1,"name":"Home","item":"https:\/\/www.primigi.it\/ru\/"},{"@type":"ListItem","position":2,"name":"\u041f\u043e\u043b\u0438\u0442\u0438\u043a\u0430 \u043a\u043e\u043d\u0444\u0438\u0434\u0435\u043d\u0446\u0438\u0430\u043b\u044c\u043d\u043e\u0441\u0442\u0438"}]},{"@type":"WebSite","@id":"https:\/\/www.primigi.it\/ru\/#website","url":"https:\/\/www.primigi.it\/ru\/","name":"Primigi","description":"Scarpe e abbigliamento per bambino e bambina","publisher":{"@id":"https:\/\/www.primigi.it\/ru\/#organization"},"potentialAction":[{"@type":"SearchAction","target":{"@type":"EntryPoint","urlTemplate":"https:\/\/www.primigi.it\/ru\/?s={search_term_string}"},"query-input":"required name=search_term_string"}],"inLanguage":"ru-RU"},{"@type":"Organization","@id":"https:\/\/www.primigi.it\/ru\/#organization","name":"Primigi","url":"https:\/\/www.primigi.it\/ru\/","logo":{"@type":"ImageObject","inLanguage":"ru-RU","@id":"https:\/\/www.primigi.it\/ru\/#\/schema\/logo\/image\/","url":"https:\/\/www.primigi.it\/wp-content\/uploads\/2023\/03\/cropped-Primigi_logo50_vert-200.png","contentUrl":"https:\/\/www.primigi.it\/wp-content\/uploads\/2023\/03\/cropped-Primigi_logo50_vert-200.png","width":200,"height":208,"caption":"Primigi"},"image":{"@id":"https:\/\/www.primigi.it\/ru\/#\/schema\/logo\/image\/"}}]}},"wpml_current_locale":"ru_RU","wpml_translations":{"it_IT":{"locale":"it_IT","id":3,"slug":"privacy-e-cookie-policy","post_title":"Privacy policy","href":"https:\/\/www.primigi.it\/privacy-e-cookie-policy\/"},"en_US":{"locale":"en_US","id":14687,"slug":"privacy-policy","post_title":"Privacy policy","href":"https:\/\/www.primigi.it\/en\/privacy-policy\/"},"de_DE":{"locale":"de_DE","id":14889,"slug":"datenschutzbestimmungen","post_title":"Datenschutzbestimmungen","href":"https:\/\/www.primigi.it\/de\/datenschutzbestimmungen\/"},"es_ES":{"locale":"es_ES","id":14348,"slug":"privacy-policy","post_title":"Privacy policy","href":"https:\/\/www.primigi.it\/es\/privacy-policy\/"}},"_links":{"self":[{"href":"https:\/\/www.primigi.it\/ru\/wp-json\/wp\/v2\/pages\/14165"}],"collection":[{"href":"https:\/\/www.primigi.it\/ru\/wp-json\/wp\/v2\/pages"}],"about":[{"href":"https:\/\/www.primigi.it\/ru\/wp-json\/wp\/v2\/types\/page"}],"author":[{"embeddable":true,"href":"https:\/\/www.primigi.it\/ru\/wp-json\/wp\/v2\/users\/11"}],"replies":[{"embeddable":true,"href":"https:\/\/www.primigi.it\/ru\/wp-json\/wp\/v2\/comments?post=14165"}],"version-history":[{"count":1,"href":"https:\/\/www.primigi.it\/ru\/wp-json\/wp\/v2\/pages\/14165\/revisions"}],"predecessor-version":[{"id":14166,"href":"https:\/\/www.primigi.it\/ru\/wp-json\/wp\/v2\/pages\/14165\/revisions\/14166"}],"wp:attachment":[{"href":"https:\/\/www.primigi.it\/ru\/wp-json\/wp\/v2\/media?parent=14165"}],"curies":[{"name":"wp","href":"https:\/\/api.w.org\/{rel}","templated":true}]}}