{"id":21175,"date":"2023-06-09T13:01:02","date_gmt":"2023-06-09T11:01:02","guid":{"rendered":"https:\/\/www.primigi.it\/nouveautes\/"},"modified":"2023-11-29T10:05:02","modified_gmt":"2023-11-29T09:05:02","slug":"nouveautes","status":"publish","type":"page","link":"https:\/\/www.primigi.it\/fr\/nouveautes\/","title":{"rendered":"Nouveaut\u00e9s"},"content":{"rendered":"\t\t<div data-elementor-type=\"wp-page\" data-elementor-id=\"21175\" class=\"elementor elementor-21175 elementor-15553\" data-elementor-post-type=\"page\">\n\t\t\t\t\t\t\t\t\t<section class=\"elementor-section elementor-top-section elementor-element elementor-element-d87a788 elementor-section-boxed elementor-section-height-default elementor-section-height-default\" data-id=\"d87a788\" data-element_type=\"section\">\n\t\t\t\t\t\t<div class=\"elementor-container elementor-column-gap-default\">\n\t\t\t\t\t<div class=\"elementor-column elementor-col-100 elementor-top-column elementor-element elementor-element-2912f5a\" data-id=\"2912f5a\" data-element_type=\"column\">\n\t\t\t<div class=\"elementor-widget-wrap elementor-element-populated\">\n\t\t\t\t\t\t\t\t<div class=\"elementor-element elementor-element-c93a1e7 elementor-widget elementor-widget-heading\" data-id=\"c93a1e7\" data-element_type=\"widget\" data-widget_type=\"heading.default\">\n\t\t\t\t<div class=\"elementor-widget-container\">\n\t\t\t<style>\/*! elementor - v3.14.0 - 26-06-2023 *\/\n.elementor-heading-title{padding:0;margin:0;line-height:1}.elementor-widget-heading .elementor-heading-title[class*=elementor-size-]>a{color:inherit;font-size:inherit;line-height:inherit}.elementor-widget-heading .elementor-heading-title.elementor-size-small{font-size:15px}.elementor-widget-heading .elementor-heading-title.elementor-size-medium{font-size:19px}.elementor-widget-heading .elementor-heading-title.elementor-size-large{font-size:29px}.elementor-widget-heading .elementor-heading-title.elementor-size-xl{font-size:39px}.elementor-widget-heading .elementor-heading-title.elementor-size-xxl{font-size:59px}<\/style><h4 class=\"elementor-heading-title elementor-size-default\">D\u00e9couvrez quelque chose de nouveau<\/h4>\t\t<\/div>\n\t\t\t\t<\/div>\n\t\t\t\t\t<\/div>\n\t\t<\/div>\n\t\t\t\t\t\t\t<\/div>\n\t\t<\/section>\n\t\t\t\t<section class=\"elementor-section elementor-top-section elementor-element elementor-element-751695d elementor-section-boxed elementor-section-height-default elementor-section-height-default\" data-id=\"751695d\" data-element_type=\"section\">\n\t\t\t\t\t\t<div class=\"elementor-container elementor-column-gap-default\">\n\t\t\t\t\t<div class=\"elementor-column elementor-col-25 elementor-top-column elementor-element elementor-element-d552cfe\" data-id=\"d552cfe\" data-element_type=\"column\">\n\t\t\t<div class=\"elementor-widget-wrap elementor-element-populated\">\n\t\t\t\t\t\t\t\t<div class=\"elementor-element elementor-element-213e850 elementor-widget elementor-widget-box-immagine-titolo-sotto\" data-id=\"213e850\" data-element_type=\"widget\" data-widget_type=\"box-immagine-titolo-sotto.default\">\n\t\t\t\t<div class=\"elementor-widget-container\">\n\t\t\t<div class=\"box check-height box-alto\"\"><a class=\"logo_pulsante\" role=\"button\" href=\"https:\/\/www.primigi.it\/shop\/p_fr\/garcon\/chaussures\/chaussures-en-goretex.html\"><div class=\"sfondo-box\"style=\"background-color: #FFFFFF;background-image: url(https:\/\/www.primigi.it\/wp-content\/uploads\/2023\/11\/PRIMIGI-kids-boy-gtx.jpg);\"><\/div><\/a><\/div><div class=\"texts\"><H2 class=\"title custom-heading-small\" style=\"color: #022A39;\"> Chaussures en GORE-TEX gar\u00e7on<\/H2><div class=\"text custom-text-base\"><p><\/p><\/div><\/div>\t\t<\/div>\n\t\t\t\t<\/div>\n\t\t\t\t\t<\/div>\n\t\t<\/div>\n\t\t\t\t<div class=\"elementor-column elementor-col-25 elementor-top-column elementor-element elementor-element-920b90c\" data-id=\"920b90c\" data-element_type=\"column\">\n\t\t\t<div class=\"elementor-widget-wrap elementor-element-populated\">\n\t\t\t\t\t\t\t\t<div class=\"elementor-element elementor-element-1a8c8d5 elementor-widget elementor-widget-box-immagine-titolo-sotto\" data-id=\"1a8c8d5\" data-element_type=\"widget\" data-widget_type=\"box-immagine-titolo-sotto.default\">\n\t\t\t\t<div class=\"elementor-widget-container\">\n\t\t\t<div class=\"box check-height box-alto\"\"><a class=\"logo_pulsante\" role=\"button\" href=\"https:\/\/www.primigi.it\/shop\/p_fr\/garcon\/chaussures\/chaussures-premiers-pas.html\"><div class=\"sfondo-box\"style=\"background-color: #FFFFFF;background-image: url(https:\/\/www.primigi.it\/wp-content\/uploads\/2023\/11\/PRIMIGI-baby-boy-shoes.jpg);\"><\/div><\/a><\/div><div class=\"texts\"><H2 class=\"title custom-heading-small\" style=\"color: #022A39;\">Boy's first steps shoes<\/H2><div class=\"text custom-text-base\"><p><\/p><\/div><\/div>\t\t<\/div>\n\t\t\t\t<\/div>\n\t\t\t\t\t<\/div>\n\t\t<\/div>\n\t\t\t\t<div class=\"elementor-column elementor-col-25 elementor-top-column elementor-element elementor-element-78991fe\" data-id=\"78991fe\" data-element_type=\"column\">\n\t\t\t<div class=\"elementor-widget-wrap elementor-element-populated\">\n\t\t\t\t\t\t\t\t<div class=\"elementor-element elementor-element-34282ea elementor-widget elementor-widget-box-immagine-titolo-sotto\" data-id=\"34282ea\" data-element_type=\"widget\" data-widget_type=\"box-immagine-titolo-sotto.default\">\n\t\t\t\t<div class=\"elementor-widget-container\">\n\t\t\t<div class=\"box check-height box-alto\"\"><a class=\"logo_pulsante\" role=\"button\" href=\"https:\/\/www.primigi.it\/shop\/p_fr\/fille\/chaussures\/chaussures-en-goretex.html\"><div class=\"sfondo-box\"style=\"background-color: #FFFFFF;background-image: url(https:\/\/www.primigi.it\/wp-content\/uploads\/2023\/11\/PRIMIGI-kids-girl-gtx.jpg);\"><\/div><\/a><\/div><div class=\"texts\"><H2 class=\"title custom-heading-small\" style=\"color: #022A39;\">Chaussures GORE-TEX fille<\/H2><div class=\"text custom-text-base\"><p><\/p><\/div><\/div>\t\t<\/div>\n\t\t\t\t<\/div>\n\t\t\t\t\t<\/div>\n\t\t<\/div>\n\t\t\t\t<div class=\"elementor-column elementor-col-25 elementor-top-column elementor-element elementor-element-8af19f8\" data-id=\"8af19f8\" data-element_type=\"column\">\n\t\t\t<div class=\"elementor-widget-wrap elementor-element-populated\">\n\t\t\t\t\t\t\t\t<div class=\"elementor-element elementor-element-682043a elementor-widget elementor-widget-box-immagine-titolo-sotto\" data-id=\"682043a\" data-element_type=\"widget\" data-widget_type=\"box-immagine-titolo-sotto.default\">\n\t\t\t\t<div class=\"elementor-widget-container\">\n\t\t\t<div class=\"box check-height box-alto\"\"><a class=\"logo_pulsante\" role=\"button\" href=\"https:\/\/www.primigi.it\/shop\/p_fr\/fille\/chaussures\/chaussures-premiers-pas.html\"><div class=\"sfondo-box\"style=\"background-color: #FFFFFF;background-image: url(https:\/\/www.primigi.it\/wp-content\/uploads\/2023\/11\/PRIMIGI-baby-girls-shoes.jpg);\"><\/div><\/a><\/div><div class=\"texts\"><H2 class=\"title custom-heading-small\" style=\"color: #022A39;\">Chaussures premiers pas fille<\/H2><div class=\"text custom-text-base\"><p><\/p><\/div><\/div>\t\t<\/div>\n\t\t\t\t<\/div>\n\t\t\t\t\t<\/div>\n\t\t<\/div>\n\t\t\t\t\t\t\t<\/div>\n\t\t<\/section>\n\t\t\t\t<section class=\"elementor-section elementor-top-section elementor-element elementor-element-3d9eb3d elementor-section-boxed elementor-section-height-default elementor-section-height-default\" data-id=\"3d9eb3d\" data-element_type=\"section\">\n\t\t\t\t\t\t<div class=\"elementor-container elementor-column-gap-default\">\n\t\t\t\t\t<div class=\"elementor-column elementor-col-100 elementor-top-column elementor-element elementor-element-d3741cd\" data-id=\"d3741cd\" data-element_type=\"column\">\n\t\t\t<div class=\"elementor-widget-wrap elementor-element-populated\">\n\t\t\t\t\t\t\t\t<div class=\"elementor-element elementor-element-c290286 elementor-widget elementor-widget-spacer\" data-id=\"c290286\" data-element_type=\"widget\" data-widget_type=\"spacer.default\">\n\t\t\t\t<div class=\"elementor-widget-container\">\n\t\t\t<style>\/*! elementor - v3.14.0 - 26-06-2023 *\/\n.elementor-column .elementor-spacer-inner{height:var(--spacer-size)}.e-con{--container-widget-width:100%}.e-con-inner>.elementor-widget-spacer,.e-con>.elementor-widget-spacer{width:var(--container-widget-width,var(--spacer-size));--align-self:var(--container-widget-align-self,initial);--flex-shrink:0}.e-con-inner>.elementor-widget-spacer>.elementor-widget-container,.e-con-inner>.elementor-widget-spacer>.elementor-widget-container>.elementor-spacer,.e-con>.elementor-widget-spacer>.elementor-widget-container,.e-con>.elementor-widget-spacer>.elementor-widget-container>.elementor-spacer{height:100%}.e-con-inner>.elementor-widget-spacer>.elementor-widget-container>.elementor-spacer>.elementor-spacer-inner,.e-con>.elementor-widget-spacer>.elementor-widget-container>.elementor-spacer>.elementor-spacer-inner{height:var(--container-widget-height,var(--spacer-size))}<\/style>\t\t<div class=\"elementor-spacer\">\n\t\t\t<div class=\"elementor-spacer-inner\"><\/div>\n\t\t<\/div>\n\t\t\t\t<\/div>\n\t\t\t\t<\/div>\n\t\t\t\t<div class=\"elementor-element elementor-element-cd620fb elementor-widget elementor-widget-heading\" data-id=\"cd620fb\" data-element_type=\"widget\" data-widget_type=\"heading.default\">\n\t\t\t\t<div class=\"elementor-widget-container\">\n\t\t\t<h2 class=\"elementor-heading-title elementor-size-default\">Sneakers<\/h2>\t\t<\/div>\n\t\t\t\t<\/div>\n\t\t\t\t\t<\/div>\n\t\t<\/div>\n\t\t\t\t\t\t\t<\/div>\n\t\t<\/section>\n\t\t\t\t<section class=\"elementor-section elementor-top-section elementor-element elementor-element-7ab0dc6 elementor-section-boxed elementor-section-height-default elementor-section-height-default\" data-id=\"7ab0dc6\" data-element_type=\"section\">\n\t\t\t\t\t\t<div class=\"elementor-container elementor-column-gap-default\">\n\t\t\t\t\t<div class=\"elementor-column elementor-col-50 elementor-top-column elementor-element elementor-element-2260ae7\" data-id=\"2260ae7\" data-element_type=\"column\">\n\t\t\t<div class=\"elementor-widget-wrap elementor-element-populated\">\n\t\t\t\t\t\t\t\t<div class=\"elementor-element elementor-element-cd2bcb2 elementor-widget elementor-widget-image\" data-id=\"cd2bcb2\" data-element_type=\"widget\" data-widget_type=\"image.default\">\n\t\t\t\t<div class=\"elementor-widget-container\">\n\t\t\t<style>\/*! elementor - v3.14.0 - 26-06-2023 *\/\n.elementor-widget-image{text-align:center}.elementor-widget-image a{display:inline-block}.elementor-widget-image a img[src$=\".svg\"]{width:48px}.elementor-widget-image img{vertical-align:middle;display:inline-block}<\/style>\t\t\t\t\t\t\t\t\t\t\t\t<img decoding=\"async\" width=\"1024\" height=\"683\" src=\"https:\/\/www.primigi.it\/wp-content\/uploads\/2023\/11\/PRIMIGI-kids_1-1024x683.jpg\" class=\"attachment-large size-large wp-image-24930\" alt=\"\" loading=\"lazy\" srcset=\"https:\/\/www.primigi.it\/wp-content\/uploads\/2023\/11\/PRIMIGI-kids_1-1024x683.jpg 1024w, https:\/\/www.primigi.it\/wp-content\/uploads\/2023\/11\/PRIMIGI-kids_1-300x200.jpg 300w, https:\/\/www.primigi.it\/wp-content\/uploads\/2023\/11\/PRIMIGI-kids_1-768x512.jpg 768w, https:\/\/www.primigi.it\/wp-content\/uploads\/2023\/11\/PRIMIGI-kids_1-1536x1025.jpg 1536w, https:\/\/www.primigi.it\/wp-content\/uploads\/2023\/11\/PRIMIGI-kids_1.jpg 1619w\" sizes=\"(max-width: 1024px) 100vw, 1024px\" \/>\t\t\t\t\t\t\t\t\t\t\t\t\t\t\t<\/div>\n\t\t\t\t<\/div>\n\t\t\t\t\t<\/div>\n\t\t<\/div>\n\t\t\t\t<div class=\"elementor-column elementor-col-25 elementor-top-column elementor-element elementor-element-3f98e3a\" data-id=\"3f98e3a\" data-element_type=\"column\">\n\t\t\t<div class=\"elementor-widget-wrap elementor-element-populated\">\n\t\t\t\t\t\t\t\t<div class=\"elementor-element elementor-element-bb1a5e9 elementor-widget elementor-widget-box-immagine-titolo-sotto\" data-id=\"bb1a5e9\" data-element_type=\"widget\" data-widget_type=\"box-immagine-titolo-sotto.default\">\n\t\t\t\t<div class=\"elementor-widget-container\">\n\t\t\t<div class=\"box check-height box-alto\"\"><a class=\"logo_pulsante\" role=\"button\" href=\"https:\/\/www.primigi.it\/shop\/p_fr\/fille\/chaussures\/sneakers.html\"><div class=\"sfondo-box\"style=\"background-color: #FFFFFF;background-image: url(https:\/\/www.primigi.it\/wp-content\/uploads\/2023\/11\/PRIMIGI-lights.jpg);\"><\/div><\/a><\/div><div class=\"texts\"><H2 class=\"title custom-heading-small\" style=\"color: #022A39;\">Fille<\/H2><div class=\"text custom-text-base\"><p><\/p><\/div><\/div>\t\t<\/div>\n\t\t\t\t<\/div>\n\t\t\t\t\t<\/div>\n\t\t<\/div>\n\t\t\t\t<div class=\"elementor-column elementor-col-25 elementor-top-column elementor-element elementor-element-7db45df\" data-id=\"7db45df\" data-element_type=\"column\">\n\t\t\t<div class=\"elementor-widget-wrap elementor-element-populated\">\n\t\t\t\t\t\t\t\t<div class=\"elementor-element elementor-element-d1444c2 elementor-widget elementor-widget-box-immagine-titolo-sotto\" data-id=\"d1444c2\" data-element_type=\"widget\" data-widget_type=\"box-immagine-titolo-sotto.default\">\n\t\t\t\t<div class=\"elementor-widget-container\">\n\t\t\t<div class=\"box check-height box-alto\"\"><a class=\"logo_pulsante\" role=\"button\" href=\"https:\/\/www.primigi.it\/shop\/p_fr\/garcon.html\"><div class=\"sfondo-box\"style=\"background-color: #FFFFFF;background-image: url(https:\/\/www.primigi.it\/wp-content\/uploads\/2023\/11\/PRIMIGI-Michelin.jpg);\"><\/div><\/a><\/div><div class=\"texts\"><H2 class=\"title custom-heading-small\" style=\"color: #022A39;\">Gar\u00e7on<\/H2><div class=\"text custom-text-base\"><p><\/p><\/div><\/div>\t\t<\/div>\n\t\t\t\t<\/div>\n\t\t\t\t\t<\/div>\n\t\t<\/div>\n\t\t\t\t\t\t\t<\/div>\n\t\t<\/section>\n\t\t\t\t\t\t\t<\/div>\n\t\t","protected":false},"excerpt":{"rendered":"<p>D\u00e9couvrez quelque chose de nouveau Chaussures en GORE-TEX gar\u00e7on Boy&rsquo;s first steps shoes Chaussures GORE-TEX fille Chaussures premiers pas fille Sneakers Fille Gar\u00e7on<\/p>\n","protected":false},"author":4,"featured_media":30559,"parent":0,"menu_order":0,"comment_status":"closed","ping_status":"closed","template":"","meta":{"site-sidebar-layout":"no-sidebar","site-content-layout":"page-builder","ast-global-header-display":"","ast-banner-title-visibility":"","ast-main-header-display":"","ast-hfb-above-header-display":"","ast-hfb-below-header-display":"","ast-hfb-mobile-header-display":"","site-post-title":"disabled","ast-breadcrumbs-content":"","ast-featured-img":"disabled","footer-sml-layout":"","theme-transparent-header-meta":"","adv-header-id-meta":"","stick-header-meta":"","header-above-stick-meta":"","header-main-stick-meta":"","header-below-stick-meta":""},"acf":[],"yoast_head":"<!-- This site is optimized with the Yoast SEO plugin v20.11 - https:\/\/yoast.com\/wordpress\/plugins\/seo\/ -->\n<title>Nouveaut\u00e9s - Primigi<\/title>\n<meta name=\"description\" content=\"Primigi - Nouveaut\u00e9s - D\u00e9couvrez la s\u00e9lection des nouveaut\u00e9s. Un aper\u00e7u exclusif des v\u00eatements et chaussures pour vos enfants\" \/>\n<meta name=\"robots\" content=\"index, follow, max-snippet:-1, max-image-preview:large, max-video-preview:-1\" \/>\n<link rel=\"canonical\" href=\"https:\/\/www.primigi.it\/fr\/nouveautes\/\" \/>\n<meta property=\"og:locale\" content=\"fr_FR\" \/>\n<meta property=\"og:type\" content=\"article\" \/>\n<meta property=\"og:title\" content=\"Nouveaut\u00e9s - Primigi\" \/>\n<meta property=\"og:description\" content=\"Primigi - Nouveaut\u00e9s - D\u00e9couvrez la s\u00e9lection des nouveaut\u00e9s. Un aper\u00e7u exclusif des v\u00eatements et chaussures pour vos enfants\" \/>\n<meta property=\"og:url\" content=\"https:\/\/www.primigi.it\/fr\/nouveautes\/\" \/>\n<meta property=\"og:site_name\" content=\"Primigi\" \/>\n<meta property=\"article:modified_time\" content=\"2023-11-29T09:05:02+00:00\" \/>\n<meta property=\"og:image\" content=\"https:\/\/www.primigi.it\/wp-content\/uploads\/2023\/11\/PRIMIGI-kids_1-1024x683.jpg\" \/>\n<meta name=\"twitter:card\" content=\"summary_large_image\" \/>\n<meta name=\"twitter:label1\" content=\"Dur\u00e9e de lecture estim\u00e9e\" \/>\n\t<meta name=\"twitter:data1\" content=\"1 minute\" \/>\n<script type=\"application\/ld+json\" class=\"yoast-schema-graph\">{\"@context\":\"https:\/\/schema.org\",\"@graph\":[{\"@type\":\"WebPage\",\"@id\":\"https:\/\/www.primigi.it\/fr\/nouveautes\/\",\"url\":\"https:\/\/www.primigi.it\/fr\/nouveautes\/\",\"name\":\"Nouveaut\u00e9s - Primigi\",\"isPartOf\":{\"@id\":\"https:\/\/www.primigi.it\/fr\/#website\"},\"datePublished\":\"2023-06-09T11:01:02+00:00\",\"dateModified\":\"2023-11-29T09:05:02+00:00\",\"description\":\"Primigi - Nouveaut\u00e9s - D\u00e9couvrez la s\u00e9lection des nouveaut\u00e9s. Un aper\u00e7u exclusif des v\u00eatements et chaussures pour vos enfants\",\"breadcrumb\":{\"@id\":\"https:\/\/www.primigi.it\/fr\/nouveautes\/#breadcrumb\"},\"inLanguage\":\"fr-FR\",\"potentialAction\":[{\"@type\":\"ReadAction\",\"target\":[\"https:\/\/www.primigi.it\/fr\/nouveautes\/\"]}]},{\"@type\":\"BreadcrumbList\",\"@id\":\"https:\/\/www.primigi.it\/fr\/nouveautes\/#breadcrumb\",\"itemListElement\":[{\"@type\":\"ListItem\",\"position\":1,\"name\":\"Home\",\"item\":\"https:\/\/www.primigi.it\/fr\/\"},{\"@type\":\"ListItem\",\"position\":2,\"name\":\"Nouveaut\u00e9s\"}]},{\"@type\":\"WebSite\",\"@id\":\"https:\/\/www.primigi.it\/fr\/#website\",\"url\":\"https:\/\/www.primigi.it\/fr\/\",\"name\":\"Primigi\",\"description\":\"Scarpe e abbigliamento per bambino e bambina\",\"publisher\":{\"@id\":\"https:\/\/www.primigi.it\/fr\/#organization\"},\"potentialAction\":[{\"@type\":\"SearchAction\",\"target\":{\"@type\":\"EntryPoint\",\"urlTemplate\":\"https:\/\/www.primigi.it\/fr\/?s={search_term_string}\"},\"query-input\":\"required name=search_term_string\"}],\"inLanguage\":\"fr-FR\"},{\"@type\":\"Organization\",\"@id\":\"https:\/\/www.primigi.it\/fr\/#organization\",\"name\":\"Primigi\",\"url\":\"https:\/\/www.primigi.it\/fr\/\",\"logo\":{\"@type\":\"ImageObject\",\"inLanguage\":\"fr-FR\",\"@id\":\"https:\/\/www.primigi.it\/fr\/#\/schema\/logo\/image\/\",\"url\":\"https:\/\/www.primigi.it\/wp-content\/uploads\/2023\/03\/cropped-Primigi_logo50_vert-200.png\",\"contentUrl\":\"https:\/\/www.primigi.it\/wp-content\/uploads\/2023\/03\/cropped-Primigi_logo50_vert-200.png\",\"width\":200,\"height\":208,\"caption\":\"Primigi\"},\"image\":{\"@id\":\"https:\/\/www.primigi.it\/fr\/#\/schema\/logo\/image\/\"}}]}<\/script>\n<!-- \/ Yoast SEO plugin. -->","yoast_head_json":{"title":"Nouveaut\u00e9s - Primigi","description":"Primigi - Nouveaut\u00e9s - D\u00e9couvrez la s\u00e9lection des nouveaut\u00e9s. Un aper\u00e7u exclusif des v\u00eatements et chaussures pour vos enfants","robots":{"index":"index","follow":"follow","max-snippet":"max-snippet:-1","max-image-preview":"max-image-preview:large","max-video-preview":"max-video-preview:-1"},"canonical":"https:\/\/www.primigi.it\/fr\/nouveautes\/","og_locale":"fr_FR","og_type":"article","og_title":"Nouveaut\u00e9s - Primigi","og_description":"Primigi - Nouveaut\u00e9s - D\u00e9couvrez la s\u00e9lection des nouveaut\u00e9s. Un aper\u00e7u exclusif des v\u00eatements et chaussures pour vos enfants","og_url":"https:\/\/www.primigi.it\/fr\/nouveautes\/","og_site_name":"Primigi","article_modified_time":"2023-11-29T09:05:02+00:00","og_image":[{"url":"https:\/\/www.primigi.it\/wp-content\/uploads\/2023\/11\/PRIMIGI-kids_1-1024x683.jpg"}],"twitter_card":"summary_large_image","twitter_misc":{"Dur\u00e9e de lecture estim\u00e9e":"1 minute"},"schema":{"@context":"https:\/\/schema.org","@graph":[{"@type":"WebPage","@id":"https:\/\/www.primigi.it\/fr\/nouveautes\/","url":"https:\/\/www.primigi.it\/fr\/nouveautes\/","name":"Nouveaut\u00e9s - Primigi","isPartOf":{"@id":"https:\/\/www.primigi.it\/fr\/#website"},"datePublished":"2023-06-09T11:01:02+00:00","dateModified":"2023-11-29T09:05:02+00:00","description":"Primigi - Nouveaut\u00e9s - D\u00e9couvrez la s\u00e9lection des nouveaut\u00e9s. Un aper\u00e7u exclusif des v\u00eatements et chaussures pour vos enfants","breadcrumb":{"@id":"https:\/\/www.primigi.it\/fr\/nouveautes\/#breadcrumb"},"inLanguage":"fr-FR","potentialAction":[{"@type":"ReadAction","target":["https:\/\/www.primigi.it\/fr\/nouveautes\/"]}]},{"@type":"BreadcrumbList","@id":"https:\/\/www.primigi.it\/fr\/nouveautes\/#breadcrumb","itemListElement":[{"@type":"ListItem","position":1,"name":"Home","item":"https:\/\/www.primigi.it\/fr\/"},{"@type":"ListItem","position":2,"name":"Nouveaut\u00e9s"}]},{"@type":"WebSite","@id":"https:\/\/www.primigi.it\/fr\/#website","url":"https:\/\/www.primigi.it\/fr\/","name":"Primigi","description":"Scarpe e abbigliamento per bambino e bambina","publisher":{"@id":"https:\/\/www.primigi.it\/fr\/#organization"},"potentialAction":[{"@type":"SearchAction","target":{"@type":"EntryPoint","urlTemplate":"https:\/\/www.primigi.it\/fr\/?s={search_term_string}"},"query-input":"required name=search_term_string"}],"inLanguage":"fr-FR"},{"@type":"Organization","@id":"https:\/\/www.primigi.it\/fr\/#organization","name":"Primigi","url":"https:\/\/www.primigi.it\/fr\/","logo":{"@type":"ImageObject","inLanguage":"fr-FR","@id":"https:\/\/www.primigi.it\/fr\/#\/schema\/logo\/image\/","url":"https:\/\/www.primigi.it\/wp-content\/uploads\/2023\/03\/cropped-Primigi_logo50_vert-200.png","contentUrl":"https:\/\/www.primigi.it\/wp-content\/uploads\/2023\/03\/cropped-Primigi_logo50_vert-200.png","width":200,"height":208,"caption":"Primigi"},"image":{"@id":"https:\/\/www.primigi.it\/fr\/#\/schema\/logo\/image\/"}}]}},"wpml_current_locale":"fr_FR","wpml_translations":{"it_IT":{"locale":"it_IT","id":15553,"slug":"nuovi-arrivi","post_title":"Nuovi arrivi","href":"https:\/\/www.primigi.it\/nuovi-arrivi\/"},"en_US":{"locale":"en_US","id":20887,"slug":"new-arrivals","post_title":"New arrivals","href":"https:\/\/www.primigi.it\/en\/new-arrivals\/"},"de_DE":{"locale":"de_DE","id":20928,"slug":"neu","post_title":"Neu","href":"https:\/\/www.primigi.it\/de\/?page_id=20928"},"ru_RU":{"locale":"ru_RU","id":20930,"slug":"%d0%bd%d0%be%d0%b2%d1%8b%d0%b5-%d0%bf%d0%be%d1%81%d1%82%d1%83%d0%bf%d0%bb%d0%b5%d0%bd%d0%b8%d1%8f","post_title":"\u041d\u043e\u0432\u044b\u0435 \u043f\u043e\u0441\u0442\u0443\u043f\u043b\u0435\u043d\u0438\u044f","href":"https:\/\/www.primigi.it\/ru\/%D0%BD%D0%BE%D0%B2%D1%8B%D0%B5-%D0%BF%D0%BE%D1%81%D1%82%D1%83%D0%BF%D0%BB%D0%B5%D0%BD%D0%B8%D1%8F\/"},"es_ES":{"locale":"es_ES","id":20931,"slug":"novedades","post_title":"Novedades","href":"https:\/\/www.primigi.it\/es\/novedades\/"}},"_links":{"self":[{"href":"https:\/\/www.primigi.it\/fr\/wp-json\/wp\/v2\/pages\/21175"}],"collection":[{"href":"https:\/\/www.primigi.it\/fr\/wp-json\/wp\/v2\/pages"}],"about":[{"href":"https:\/\/www.primigi.it\/fr\/wp-json\/wp\/v2\/types\/page"}],"author":[{"embeddable":true,"href":"https:\/\/www.primigi.it\/fr\/wp-json\/wp\/v2\/users\/4"}],"replies":[{"embeddable":true,"href":"https:\/\/www.primigi.it\/fr\/wp-json\/wp\/v2\/comments?post=21175"}],"version-history":[{"count":9,"href":"https:\/\/www.primigi.it\/fr\/wp-json\/wp\/v2\/pages\/21175\/revisions"}],"predecessor-version":[{"id":25025,"href":"https:\/\/www.primigi.it\/fr\/wp-json\/wp\/v2\/pages\/21175\/revisions\/25025"}],"wp:featuredmedia":[{"embeddable":true,"href":"https:\/\/www.primigi.it\/fr\/wp-json\/wp\/v2\/media\/30559"}],"wp:attachment":[{"href":"https:\/\/www.primigi.it\/fr\/wp-json\/wp\/v2\/media?parent=21175"}],"curies":[{"name":"wp","href":"https:\/\/api.w.org\/{rel}","templated":true}]}}