{"id":20931,"date":"2023-06-09T13:01:02","date_gmt":"2023-06-09T11:01:02","guid":{"rendered":"https:\/\/www.primigi.it\/novedades\/"},"modified":"2023-11-29T10:06:47","modified_gmt":"2023-11-29T09:06:47","slug":"novedades","status":"publish","type":"page","link":"https:\/\/www.primigi.it\/es\/novedades\/","title":{"rendered":"Novedades"},"content":{"rendered":"\t\t<div data-elementor-type=\"wp-page\" data-elementor-id=\"20931\" class=\"elementor elementor-20931 elementor-15553\" data-elementor-post-type=\"page\">\n\t\t\t\t\t\t\t\t\t<section class=\"elementor-section elementor-top-section elementor-element elementor-element-ce3f0c1 elementor-section-boxed elementor-section-height-default elementor-section-height-default\" data-id=\"ce3f0c1\" data-element_type=\"section\">\n\t\t\t\t\t\t<div class=\"elementor-container elementor-column-gap-default\">\n\t\t\t\t\t<div class=\"elementor-column elementor-col-100 elementor-top-column elementor-element elementor-element-f4fe22c\" data-id=\"f4fe22c\" data-element_type=\"column\">\n\t\t\t<div class=\"elementor-widget-wrap elementor-element-populated\">\n\t\t\t\t\t\t\t\t<div class=\"elementor-element elementor-element-6c31f2a elementor-widget elementor-widget-heading\" data-id=\"6c31f2a\" data-element_type=\"widget\" data-widget_type=\"heading.default\">\n\t\t\t\t<div class=\"elementor-widget-container\">\n\t\t\t<style>\/*! elementor - v3.14.0 - 26-06-2023 *\/\n.elementor-heading-title{padding:0;margin:0;line-height:1}.elementor-widget-heading .elementor-heading-title[class*=elementor-size-]>a{color:inherit;font-size:inherit;line-height:inherit}.elementor-widget-heading .elementor-heading-title.elementor-size-small{font-size:15px}.elementor-widget-heading .elementor-heading-title.elementor-size-medium{font-size:19px}.elementor-widget-heading .elementor-heading-title.elementor-size-large{font-size:29px}.elementor-widget-heading .elementor-heading-title.elementor-size-xl{font-size:39px}.elementor-widget-heading .elementor-heading-title.elementor-size-xxl{font-size:59px}<\/style><h4 class=\"elementor-heading-title elementor-size-default\">Descubre algo nuevo<\/h4>\t\t<\/div>\n\t\t\t\t<\/div>\n\t\t\t\t\t<\/div>\n\t\t<\/div>\n\t\t\t\t\t\t\t<\/div>\n\t\t<\/section>\n\t\t\t\t<section class=\"elementor-section elementor-top-section elementor-element elementor-element-24c3482 elementor-section-boxed elementor-section-height-default elementor-section-height-default\" data-id=\"24c3482\" data-element_type=\"section\">\n\t\t\t\t\t\t<div class=\"elementor-container elementor-column-gap-default\">\n\t\t\t\t\t<div class=\"elementor-column elementor-col-25 elementor-top-column elementor-element elementor-element-ec435e7\" data-id=\"ec435e7\" data-element_type=\"column\">\n\t\t\t<div class=\"elementor-widget-wrap elementor-element-populated\">\n\t\t\t\t\t\t\t\t<div class=\"elementor-element elementor-element-9524a9b elementor-widget elementor-widget-box-immagine-titolo-sotto\" data-id=\"9524a9b\" data-element_type=\"widget\" data-widget_type=\"box-immagine-titolo-sotto.default\">\n\t\t\t\t<div class=\"elementor-widget-container\">\n\t\t\t<div class=\"box check-height box-alto\"\"><a class=\"logo_pulsante\" role=\"button\" href=\"https:\/\/www.primigi.it\/shop\/p_es\/ni-o\/calzados\/zaapatos-de-goretex.html\"><div class=\"sfondo-box\"style=\"background-color: #FFFFFF;background-image: url(https:\/\/www.primigi.it\/wp-content\/uploads\/2023\/11\/PRIMIGI-kids-boy-gtx.jpg);\"><\/div><\/a><\/div><div class=\"texts\"><H2 class=\"title custom-heading-small\" style=\"color: #022A39;\"> Zapatos de GORE-TEX ni\u00f1o<\/H2><div class=\"text custom-text-base\"><p><\/p><\/div><\/div>\t\t<\/div>\n\t\t\t\t<\/div>\n\t\t\t\t\t<\/div>\n\t\t<\/div>\n\t\t\t\t<div class=\"elementor-column elementor-col-25 elementor-top-column elementor-element elementor-element-641e1c8\" data-id=\"641e1c8\" data-element_type=\"column\">\n\t\t\t<div class=\"elementor-widget-wrap elementor-element-populated\">\n\t\t\t\t\t\t\t\t<div class=\"elementor-element elementor-element-1d6ccdf elementor-widget elementor-widget-box-immagine-titolo-sotto\" data-id=\"1d6ccdf\" data-element_type=\"widget\" data-widget_type=\"box-immagine-titolo-sotto.default\">\n\t\t\t\t<div class=\"elementor-widget-container\">\n\t\t\t<div class=\"box check-height box-alto\"\"><a class=\"logo_pulsante\" role=\"button\" href=\"https:\/\/www.primigi.it\/shop\/p_es\/ni-o\/calzados\/zapatos-primer-paso.html\"><div class=\"sfondo-box\"style=\"background-color: #FFFFFF;background-image: url(https:\/\/www.primigi.it\/wp-content\/uploads\/2023\/11\/PRIMIGI-baby-boy-shoes.jpg);\"><\/div><\/a><\/div><div class=\"texts\"><H2 class=\"title custom-heading-small\" style=\"color: #022A39;\">Zapatos primer paso ni\u00f1o<\/H2><div class=\"text custom-text-base\"><p><\/p><\/div><\/div>\t\t<\/div>\n\t\t\t\t<\/div>\n\t\t\t\t\t<\/div>\n\t\t<\/div>\n\t\t\t\t<div class=\"elementor-column elementor-col-25 elementor-top-column elementor-element elementor-element-1d0f782\" data-id=\"1d0f782\" data-element_type=\"column\">\n\t\t\t<div class=\"elementor-widget-wrap elementor-element-populated\">\n\t\t\t\t\t\t\t\t<div class=\"elementor-element elementor-element-588544d elementor-widget elementor-widget-box-immagine-titolo-sotto\" data-id=\"588544d\" data-element_type=\"widget\" data-widget_type=\"box-immagine-titolo-sotto.default\">\n\t\t\t\t<div class=\"elementor-widget-container\">\n\t\t\t<div class=\"box check-height box-alto\"\"><a class=\"logo_pulsante\" role=\"button\" href=\"https:\/\/www.primigi.it\/shop\/p_es\/ni-a\/calzados\/zapatos-de-goretex.html\"><div class=\"sfondo-box\"style=\"background-color: #FFFFFF;background-image: url(https:\/\/www.primigi.it\/wp-content\/uploads\/2023\/11\/PRIMIGI-kids-girl-gtx.jpg);\"><\/div><\/a><\/div><div class=\"texts\"><H2 class=\"title custom-heading-small\" style=\"color: #022A39;\"> Zapatos de GORE-TEX ni\u00f1a<\/H2><div class=\"text custom-text-base\"><p><\/p><\/div><\/div>\t\t<\/div>\n\t\t\t\t<\/div>\n\t\t\t\t\t<\/div>\n\t\t<\/div>\n\t\t\t\t<div class=\"elementor-column elementor-col-25 elementor-top-column elementor-element elementor-element-c9c918f\" data-id=\"c9c918f\" data-element_type=\"column\">\n\t\t\t<div class=\"elementor-widget-wrap elementor-element-populated\">\n\t\t\t\t\t\t\t\t<div class=\"elementor-element elementor-element-b11131c elementor-widget elementor-widget-box-immagine-titolo-sotto\" data-id=\"b11131c\" data-element_type=\"widget\" data-widget_type=\"box-immagine-titolo-sotto.default\">\n\t\t\t\t<div class=\"elementor-widget-container\">\n\t\t\t<div class=\"box check-height box-alto\"\"><a class=\"logo_pulsante\" role=\"button\" href=\"https:\/\/www.primigi.it\/shop\/p_es\/ni-a\/calzados\/zapatos-primer-paso.html\"><div class=\"sfondo-box\"style=\"background-color: #FFFFFF;background-image: url(https:\/\/www.primigi.it\/wp-content\/uploads\/2023\/11\/PRIMIGI-baby-girls-shoes.jpg);\"><\/div><\/a><\/div><div class=\"texts\"><H2 class=\"title custom-heading-small\" style=\"color: #022A39;\">Zapatos primer paso ni\u00f1a<\/H2><div class=\"text custom-text-base\"><p><\/p><\/div><\/div>\t\t<\/div>\n\t\t\t\t<\/div>\n\t\t\t\t\t<\/div>\n\t\t<\/div>\n\t\t\t\t\t\t\t<\/div>\n\t\t<\/section>\n\t\t\t\t<section class=\"elementor-section elementor-top-section elementor-element elementor-element-1cf5015 elementor-section-boxed elementor-section-height-default elementor-section-height-default\" data-id=\"1cf5015\" data-element_type=\"section\">\n\t\t\t\t\t\t<div class=\"elementor-container elementor-column-gap-default\">\n\t\t\t\t\t<div class=\"elementor-column elementor-col-100 elementor-top-column elementor-element elementor-element-006c632\" data-id=\"006c632\" data-element_type=\"column\">\n\t\t\t<div class=\"elementor-widget-wrap elementor-element-populated\">\n\t\t\t\t\t\t\t\t<div class=\"elementor-element elementor-element-b8092c4 elementor-widget elementor-widget-spacer\" data-id=\"b8092c4\" data-element_type=\"widget\" data-widget_type=\"spacer.default\">\n\t\t\t\t<div class=\"elementor-widget-container\">\n\t\t\t<style>\/*! elementor - v3.14.0 - 26-06-2023 *\/\n.elementor-column .elementor-spacer-inner{height:var(--spacer-size)}.e-con{--container-widget-width:100%}.e-con-inner>.elementor-widget-spacer,.e-con>.elementor-widget-spacer{width:var(--container-widget-width,var(--spacer-size));--align-self:var(--container-widget-align-self,initial);--flex-shrink:0}.e-con-inner>.elementor-widget-spacer>.elementor-widget-container,.e-con-inner>.elementor-widget-spacer>.elementor-widget-container>.elementor-spacer,.e-con>.elementor-widget-spacer>.elementor-widget-container,.e-con>.elementor-widget-spacer>.elementor-widget-container>.elementor-spacer{height:100%}.e-con-inner>.elementor-widget-spacer>.elementor-widget-container>.elementor-spacer>.elementor-spacer-inner,.e-con>.elementor-widget-spacer>.elementor-widget-container>.elementor-spacer>.elementor-spacer-inner{height:var(--container-widget-height,var(--spacer-size))}<\/style>\t\t<div class=\"elementor-spacer\">\n\t\t\t<div class=\"elementor-spacer-inner\"><\/div>\n\t\t<\/div>\n\t\t\t\t<\/div>\n\t\t\t\t<\/div>\n\t\t\t\t<div class=\"elementor-element elementor-element-efa3485 elementor-widget elementor-widget-heading\" data-id=\"efa3485\" data-element_type=\"widget\" data-widget_type=\"heading.default\">\n\t\t\t\t<div class=\"elementor-widget-container\">\n\t\t\t<h2 class=\"elementor-heading-title elementor-size-default\">Zapatillas deportivas<\/h2>\t\t<\/div>\n\t\t\t\t<\/div>\n\t\t\t\t\t<\/div>\n\t\t<\/div>\n\t\t\t\t\t\t\t<\/div>\n\t\t<\/section>\n\t\t\t\t<section class=\"elementor-section elementor-top-section elementor-element elementor-element-cfffb1f elementor-section-boxed elementor-section-height-default elementor-section-height-default\" data-id=\"cfffb1f\" data-element_type=\"section\">\n\t\t\t\t\t\t<div class=\"elementor-container elementor-column-gap-default\">\n\t\t\t\t\t<div class=\"elementor-column elementor-col-50 elementor-top-column elementor-element elementor-element-5de2c79\" data-id=\"5de2c79\" data-element_type=\"column\">\n\t\t\t<div class=\"elementor-widget-wrap elementor-element-populated\">\n\t\t\t\t\t\t\t\t<div class=\"elementor-element elementor-element-2708721 elementor-widget elementor-widget-image\" data-id=\"2708721\" data-element_type=\"widget\" data-widget_type=\"image.default\">\n\t\t\t\t<div class=\"elementor-widget-container\">\n\t\t\t<style>\/*! elementor - v3.14.0 - 26-06-2023 *\/\n.elementor-widget-image{text-align:center}.elementor-widget-image a{display:inline-block}.elementor-widget-image a img[src$=\".svg\"]{width:48px}.elementor-widget-image img{vertical-align:middle;display:inline-block}<\/style>\t\t\t\t\t\t\t\t\t\t\t\t<img decoding=\"async\" width=\"1024\" height=\"683\" src=\"https:\/\/www.primigi.it\/wp-content\/uploads\/2023\/11\/PRIMIGI-kids_1-1024x683.jpg\" class=\"attachment-large size-large wp-image-24928\" alt=\"\" loading=\"lazy\" srcset=\"https:\/\/www.primigi.it\/wp-content\/uploads\/2023\/11\/PRIMIGI-kids_1-1024x683.jpg 1024w, https:\/\/www.primigi.it\/wp-content\/uploads\/2023\/11\/PRIMIGI-kids_1-300x200.jpg 300w, https:\/\/www.primigi.it\/wp-content\/uploads\/2023\/11\/PRIMIGI-kids_1-768x512.jpg 768w, https:\/\/www.primigi.it\/wp-content\/uploads\/2023\/11\/PRIMIGI-kids_1-1536x1025.jpg 1536w, https:\/\/www.primigi.it\/wp-content\/uploads\/2023\/11\/PRIMIGI-kids_1.jpg 1619w\" sizes=\"(max-width: 1024px) 100vw, 1024px\" \/>\t\t\t\t\t\t\t\t\t\t\t\t\t\t\t<\/div>\n\t\t\t\t<\/div>\n\t\t\t\t\t<\/div>\n\t\t<\/div>\n\t\t\t\t<div class=\"elementor-column elementor-col-25 elementor-top-column elementor-element elementor-element-e5d0e04\" data-id=\"e5d0e04\" data-element_type=\"column\">\n\t\t\t<div class=\"elementor-widget-wrap elementor-element-populated\">\n\t\t\t\t\t\t\t\t<div class=\"elementor-element elementor-element-c37b441 elementor-widget elementor-widget-box-immagine-titolo-sotto\" data-id=\"c37b441\" data-element_type=\"widget\" data-widget_type=\"box-immagine-titolo-sotto.default\">\n\t\t\t\t<div class=\"elementor-widget-container\">\n\t\t\t<div class=\"box check-height box-alto\"\"><a class=\"logo_pulsante\" role=\"button\" href=\"https:\/\/www.primigi.it\/shop\/p_es\/ni-a\/calzados\/zapatillas-deportivas.html\"><div class=\"sfondo-box\"style=\"background-color: #FFFFFF;background-image: url(https:\/\/www.primigi.it\/wp-content\/uploads\/2023\/11\/PRIMIGI-lights.jpg);\"><\/div><\/a><\/div><div class=\"texts\"><H2 class=\"title custom-heading-small\" style=\"color: #022A39;\">Ni\u00f1a<\/H2><div class=\"text custom-text-base\"><p><\/p><\/div><\/div>\t\t<\/div>\n\t\t\t\t<\/div>\n\t\t\t\t\t<\/div>\n\t\t<\/div>\n\t\t\t\t<div class=\"elementor-column elementor-col-25 elementor-top-column elementor-element elementor-element-b7e8efb\" data-id=\"b7e8efb\" data-element_type=\"column\">\n\t\t\t<div class=\"elementor-widget-wrap elementor-element-populated\">\n\t\t\t\t\t\t\t\t<div class=\"elementor-element elementor-element-5102fa0 elementor-widget elementor-widget-box-immagine-titolo-sotto\" data-id=\"5102fa0\" data-element_type=\"widget\" data-widget_type=\"box-immagine-titolo-sotto.default\">\n\t\t\t\t<div class=\"elementor-widget-container\">\n\t\t\t<div class=\"box check-height box-alto\"\"><a class=\"logo_pulsante\" role=\"button\" href=\"https:\/\/www.primigi.it\/shop\/p_es\/ni-o\/calzados\/sneakers.html\"><div class=\"sfondo-box\"style=\"background-color: #FFFFFF;background-image: url(https:\/\/www.primigi.it\/wp-content\/uploads\/2023\/11\/PRIMIGI-Michelin.jpg);\"><\/div><\/a><\/div><div class=\"texts\"><H2 class=\"title custom-heading-small\" style=\"color: #022A39;\">Ni\u00f1o<\/H2><div class=\"text custom-text-base\"><p><\/p><\/div><\/div>\t\t<\/div>\n\t\t\t\t<\/div>\n\t\t\t\t\t<\/div>\n\t\t<\/div>\n\t\t\t\t\t\t\t<\/div>\n\t\t<\/section>\n\t\t\t\t\t\t\t<\/div>\n\t\t","protected":false},"excerpt":{"rendered":"<p>Descubre algo nuevo Zapatos de GORE-TEX ni\u00f1o Zapatos primer paso ni\u00f1o Zapatos de GORE-TEX ni\u00f1a Zapatos primer paso ni\u00f1a Zapatillas deportivas Ni\u00f1a Ni\u00f1o<\/p>\n","protected":false},"author":4,"featured_media":30562,"parent":0,"menu_order":0,"comment_status":"closed","ping_status":"closed","template":"","meta":{"site-sidebar-layout":"no-sidebar","site-content-layout":"page-builder","ast-global-header-display":"","ast-banner-title-visibility":"","ast-main-header-display":"","ast-hfb-above-header-display":"","ast-hfb-below-header-display":"","ast-hfb-mobile-header-display":"","site-post-title":"disabled","ast-breadcrumbs-content":"","ast-featured-img":"disabled","footer-sml-layout":"","theme-transparent-header-meta":"","adv-header-id-meta":"","stick-header-meta":"","header-above-stick-meta":"","header-main-stick-meta":"","header-below-stick-meta":""},"acf":[],"yoast_head":"<!-- This site is optimized with the Yoast SEO plugin v20.11 - https:\/\/yoast.com\/wordpress\/plugins\/seo\/ -->\n<title>Novedades - Primigi<\/title>\n<meta name=\"description\" content=\"Primigi - Novedades - Descubre la selecci\u00f3n de novedades. Un adelanto exclusivo de ropa y calzado para tus hijos.\" \/>\n<meta name=\"robots\" content=\"index, follow, max-snippet:-1, max-image-preview:large, max-video-preview:-1\" \/>\n<link rel=\"canonical\" href=\"https:\/\/www.primigi.it\/es\/novedades\/\" \/>\n<meta property=\"og:locale\" content=\"es_ES\" \/>\n<meta property=\"og:type\" content=\"article\" \/>\n<meta property=\"og:title\" content=\"Novedades - Primigi\" \/>\n<meta property=\"og:description\" content=\"Primigi - Novedades - Descubre la selecci\u00f3n de novedades. Un adelanto exclusivo de ropa y calzado para tus hijos.\" \/>\n<meta property=\"og:url\" content=\"https:\/\/www.primigi.it\/es\/novedades\/\" \/>\n<meta property=\"og:site_name\" content=\"Primigi\" \/>\n<meta property=\"article:modified_time\" content=\"2023-11-29T09:06:47+00:00\" \/>\n<meta property=\"og:image\" content=\"https:\/\/www.primigi.it\/wp-content\/uploads\/2023\/11\/PRIMIGI-kids_1-1024x683.jpg\" \/>\n<meta name=\"twitter:card\" content=\"summary_large_image\" \/>\n<meta name=\"twitter:label1\" content=\"Tiempo de lectura\" \/>\n\t<meta name=\"twitter:data1\" content=\"1 minuto\" \/>\n<script type=\"application\/ld+json\" class=\"yoast-schema-graph\">{\"@context\":\"https:\/\/schema.org\",\"@graph\":[{\"@type\":\"WebPage\",\"@id\":\"https:\/\/www.primigi.it\/es\/novedades\/\",\"url\":\"https:\/\/www.primigi.it\/es\/novedades\/\",\"name\":\"Novedades - Primigi\",\"isPartOf\":{\"@id\":\"https:\/\/www.primigi.it\/es\/#website\"},\"datePublished\":\"2023-06-09T11:01:02+00:00\",\"dateModified\":\"2023-11-29T09:06:47+00:00\",\"description\":\"Primigi - Novedades - Descubre la selecci\u00f3n de novedades. Un adelanto exclusivo de ropa y calzado para tus hijos.\",\"breadcrumb\":{\"@id\":\"https:\/\/www.primigi.it\/es\/novedades\/#breadcrumb\"},\"inLanguage\":\"es\",\"potentialAction\":[{\"@type\":\"ReadAction\",\"target\":[\"https:\/\/www.primigi.it\/es\/novedades\/\"]}]},{\"@type\":\"BreadcrumbList\",\"@id\":\"https:\/\/www.primigi.it\/es\/novedades\/#breadcrumb\",\"itemListElement\":[{\"@type\":\"ListItem\",\"position\":1,\"name\":\"Home\",\"item\":\"https:\/\/www.primigi.it\/es\/\"},{\"@type\":\"ListItem\",\"position\":2,\"name\":\"Novedades\"}]},{\"@type\":\"WebSite\",\"@id\":\"https:\/\/www.primigi.it\/es\/#website\",\"url\":\"https:\/\/www.primigi.it\/es\/\",\"name\":\"Primigi\",\"description\":\"Scarpe e abbigliamento per bambino e bambina\",\"publisher\":{\"@id\":\"https:\/\/www.primigi.it\/es\/#organization\"},\"potentialAction\":[{\"@type\":\"SearchAction\",\"target\":{\"@type\":\"EntryPoint\",\"urlTemplate\":\"https:\/\/www.primigi.it\/es\/?s={search_term_string}\"},\"query-input\":\"required name=search_term_string\"}],\"inLanguage\":\"es\"},{\"@type\":\"Organization\",\"@id\":\"https:\/\/www.primigi.it\/es\/#organization\",\"name\":\"Primigi\",\"url\":\"https:\/\/www.primigi.it\/es\/\",\"logo\":{\"@type\":\"ImageObject\",\"inLanguage\":\"es\",\"@id\":\"https:\/\/www.primigi.it\/es\/#\/schema\/logo\/image\/\",\"url\":\"https:\/\/www.primigi.it\/wp-content\/uploads\/2023\/03\/cropped-Primigi_logo50_vert-200.png\",\"contentUrl\":\"https:\/\/www.primigi.it\/wp-content\/uploads\/2023\/03\/cropped-Primigi_logo50_vert-200.png\",\"width\":200,\"height\":208,\"caption\":\"Primigi\"},\"image\":{\"@id\":\"https:\/\/www.primigi.it\/es\/#\/schema\/logo\/image\/\"}}]}<\/script>\n<!-- \/ Yoast SEO plugin. -->","yoast_head_json":{"title":"Novedades - Primigi","description":"Primigi - Novedades - Descubre la selecci\u00f3n de novedades. Un adelanto exclusivo de ropa y calzado para tus hijos.","robots":{"index":"index","follow":"follow","max-snippet":"max-snippet:-1","max-image-preview":"max-image-preview:large","max-video-preview":"max-video-preview:-1"},"canonical":"https:\/\/www.primigi.it\/es\/novedades\/","og_locale":"es_ES","og_type":"article","og_title":"Novedades - Primigi","og_description":"Primigi - Novedades - Descubre la selecci\u00f3n de novedades. Un adelanto exclusivo de ropa y calzado para tus hijos.","og_url":"https:\/\/www.primigi.it\/es\/novedades\/","og_site_name":"Primigi","article_modified_time":"2023-11-29T09:06:47+00:00","og_image":[{"url":"https:\/\/www.primigi.it\/wp-content\/uploads\/2023\/11\/PRIMIGI-kids_1-1024x683.jpg"}],"twitter_card":"summary_large_image","twitter_misc":{"Tiempo de lectura":"1 minuto"},"schema":{"@context":"https:\/\/schema.org","@graph":[{"@type":"WebPage","@id":"https:\/\/www.primigi.it\/es\/novedades\/","url":"https:\/\/www.primigi.it\/es\/novedades\/","name":"Novedades - Primigi","isPartOf":{"@id":"https:\/\/www.primigi.it\/es\/#website"},"datePublished":"2023-06-09T11:01:02+00:00","dateModified":"2023-11-29T09:06:47+00:00","description":"Primigi - Novedades - Descubre la selecci\u00f3n de novedades. Un adelanto exclusivo de ropa y calzado para tus hijos.","breadcrumb":{"@id":"https:\/\/www.primigi.it\/es\/novedades\/#breadcrumb"},"inLanguage":"es","potentialAction":[{"@type":"ReadAction","target":["https:\/\/www.primigi.it\/es\/novedades\/"]}]},{"@type":"BreadcrumbList","@id":"https:\/\/www.primigi.it\/es\/novedades\/#breadcrumb","itemListElement":[{"@type":"ListItem","position":1,"name":"Home","item":"https:\/\/www.primigi.it\/es\/"},{"@type":"ListItem","position":2,"name":"Novedades"}]},{"@type":"WebSite","@id":"https:\/\/www.primigi.it\/es\/#website","url":"https:\/\/www.primigi.it\/es\/","name":"Primigi","description":"Scarpe e abbigliamento per bambino e bambina","publisher":{"@id":"https:\/\/www.primigi.it\/es\/#organization"},"potentialAction":[{"@type":"SearchAction","target":{"@type":"EntryPoint","urlTemplate":"https:\/\/www.primigi.it\/es\/?s={search_term_string}"},"query-input":"required name=search_term_string"}],"inLanguage":"es"},{"@type":"Organization","@id":"https:\/\/www.primigi.it\/es\/#organization","name":"Primigi","url":"https:\/\/www.primigi.it\/es\/","logo":{"@type":"ImageObject","inLanguage":"es","@id":"https:\/\/www.primigi.it\/es\/#\/schema\/logo\/image\/","url":"https:\/\/www.primigi.it\/wp-content\/uploads\/2023\/03\/cropped-Primigi_logo50_vert-200.png","contentUrl":"https:\/\/www.primigi.it\/wp-content\/uploads\/2023\/03\/cropped-Primigi_logo50_vert-200.png","width":200,"height":208,"caption":"Primigi"},"image":{"@id":"https:\/\/www.primigi.it\/es\/#\/schema\/logo\/image\/"}}]}},"wpml_current_locale":"es_ES","wpml_translations":{"it_IT":{"locale":"it_IT","id":15553,"slug":"nuovi-arrivi","post_title":"Nuovi arrivi","href":"https:\/\/www.primigi.it\/nuovi-arrivi\/"},"en_US":{"locale":"en_US","id":20887,"slug":"new-arrivals","post_title":"New arrivals","href":"https:\/\/www.primigi.it\/en\/new-arrivals\/"},"fr_FR":{"locale":"fr_FR","id":21175,"slug":"nouveautes","post_title":"Nouveaut\u00e9s","href":"https:\/\/www.primigi.it\/fr\/nouveautes\/"},"de_DE":{"locale":"de_DE","id":20928,"slug":"neu","post_title":"Neu","href":"https:\/\/www.primigi.it\/de\/?page_id=20928"},"ru_RU":{"locale":"ru_RU","id":20930,"slug":"%d0%bd%d0%be%d0%b2%d1%8b%d0%b5-%d0%bf%d0%be%d1%81%d1%82%d1%83%d0%bf%d0%bb%d0%b5%d0%bd%d0%b8%d1%8f","post_title":"\u041d\u043e\u0432\u044b\u0435 \u043f\u043e\u0441\u0442\u0443\u043f\u043b\u0435\u043d\u0438\u044f","href":"https:\/\/www.primigi.it\/ru\/%D0%BD%D0%BE%D0%B2%D1%8B%D0%B5-%D0%BF%D0%BE%D1%81%D1%82%D1%83%D0%BF%D0%BB%D0%B5%D0%BD%D0%B8%D1%8F\/"}},"_links":{"self":[{"href":"https:\/\/www.primigi.it\/es\/wp-json\/wp\/v2\/pages\/20931"}],"collection":[{"href":"https:\/\/www.primigi.it\/es\/wp-json\/wp\/v2\/pages"}],"about":[{"href":"https:\/\/www.primigi.it\/es\/wp-json\/wp\/v2\/types\/page"}],"author":[{"embeddable":true,"href":"https:\/\/www.primigi.it\/es\/wp-json\/wp\/v2\/users\/4"}],"replies":[{"embeddable":true,"href":"https:\/\/www.primigi.it\/es\/wp-json\/wp\/v2\/comments?post=20931"}],"version-history":[{"count":23,"href":"https:\/\/www.primigi.it\/es\/wp-json\/wp\/v2\/pages\/20931\/revisions"}],"predecessor-version":[{"id":25028,"href":"https:\/\/www.primigi.it\/es\/wp-json\/wp\/v2\/pages\/20931\/revisions\/25028"}],"wp:featuredmedia":[{"embeddable":true,"href":"https:\/\/www.primigi.it\/es\/wp-json\/wp\/v2\/media\/30562"}],"wp:attachment":[{"href":"https:\/\/www.primigi.it\/es\/wp-json\/wp\/v2\/media?parent=20931"}],"curies":[{"name":"wp","href":"https:\/\/api.w.org\/{rel}","templated":true}]}}