{"id":9843,"date":"2023-03-20T16:07:57","date_gmt":"2023-03-20T15:07:57","guid":{"rendered":"http:\/\/wp.primigi.it\/werde-ein-primigi-verkaeufer\/"},"modified":"2023-05-26T10:47:46","modified_gmt":"2023-05-26T08:47:46","slug":"werde-ein-primigi-verkaeufer","status":"publish","type":"page","link":"https:\/\/www.primigi.it\/de\/werde-ein-primigi-verkaeufer\/","title":{"rendered":"Werde ein Primigi verk\u00e4ufer"},"content":{"rendered":"\t\t<div data-elementor-type=\"wp-page\" data-elementor-id=\"9843\" class=\"elementor elementor-9843 elementor-1002\" data-elementor-post-type=\"page\">\n\t\t\t\t\t\t\t\t\t<section class=\"elementor-section elementor-top-section elementor-element elementor-element-862d8ed elementor-section-boxed elementor-section-height-default elementor-section-height-default\" data-id=\"862d8ed\" data-element_type=\"section\">\n\t\t\t\t\t\t<div class=\"elementor-container elementor-column-gap-default\">\n\t\t\t\t\t<div class=\"elementor-column elementor-col-16 elementor-top-column elementor-element elementor-element-9635ec0\" data-id=\"9635ec0\" data-element_type=\"column\">\n\t\t\t<div class=\"elementor-widget-wrap\">\n\t\t\t\t\t\t\t\t\t<\/div>\n\t\t<\/div>\n\t\t\t\t<div class=\"elementor-column elementor-col-66 elementor-top-column elementor-element elementor-element-9477d1c\" data-id=\"9477d1c\" data-element_type=\"column\">\n\t\t\t<div class=\"elementor-widget-wrap elementor-element-populated\">\n\t\t\t\t\t\t\t\t<div class=\"elementor-element elementor-element-4e71480 elementor-widget elementor-widget-distanziatore\" data-id=\"4e71480\" data-element_type=\"widget\" data-widget_type=\"distanziatore.default\">\n\t\t\t\t<div class=\"elementor-widget-container\">\n\t\t\t\t\t<div class=\"distanziatore-spacer\">\n\t\t\t<div class=\"distanziatore-spacer-inner margin-max\"><\/div>\n\t\t<\/div>\n\t\t\t\t<\/div>\n\t\t\t\t<\/div>\n\t\t\t\t<div class=\"elementor-element elementor-element-6be12c2 elementor-widget elementor-widget-titolo-e-sottotitolo\" data-id=\"6be12c2\" data-element_type=\"widget\" data-widget_type=\"titolo-e-sottotitolo.default\">\n\t\t\t\t<div class=\"elementor-widget-container\">\n\t\t\t<div class=\"titolo-e-sottotitolo\"><div class=\"title__container\"><H3 class=\"title\" style=\"\">M\u00f6chten Sie ein autorisierter Primigi-H\u00e4ndler werden?<\/H3><\/div><div class=\"text__container\"><H3 class=\"text\" style=\"\">F\u00fcllen Sie das folgende Formular unverbindlich aus und wir werden Sie f\u00fcr weitere Informationen kontaktieren!<\/H3><\/div><\/div>\t\t<\/div>\n\t\t\t\t<\/div>\n\t\t\t\t<div class=\"elementor-element elementor-element-62de694 elementor-widget elementor-widget-distanziatore\" data-id=\"62de694\" data-element_type=\"widget\" data-widget_type=\"distanziatore.default\">\n\t\t\t\t<div class=\"elementor-widget-container\">\n\t\t\t\t\t<div class=\"distanziatore-spacer\">\n\t\t\t<div class=\"distanziatore-spacer-inner margin-max\"><\/div>\n\t\t<\/div>\n\t\t\t\t<\/div>\n\t\t\t\t<\/div>\n\t\t\t\t\t<\/div>\n\t\t<\/div>\n\t\t\t\t<div class=\"elementor-column elementor-col-16 elementor-top-column elementor-element elementor-element-505400d\" data-id=\"505400d\" data-element_type=\"column\">\n\t\t\t<div class=\"elementor-widget-wrap\">\n\t\t\t\t\t\t\t\t\t<\/div>\n\t\t<\/div>\n\t\t\t\t\t\t\t<\/div>\n\t\t<\/section>\n\t\t\t\t<section class=\"elementor-section elementor-top-section elementor-element elementor-element-68123c4 elementor-section-boxed elementor-section-height-default elementor-section-height-default\" data-id=\"68123c4\" data-element_type=\"section\">\n\t\t\t\t\t\t<div class=\"elementor-container elementor-column-gap-default\">\n\t\t\t\t\t<div class=\"elementor-column elementor-col-100 elementor-top-column elementor-element elementor-element-fe25697\" data-id=\"fe25697\" data-element_type=\"column\">\n\t\t\t<div class=\"elementor-widget-wrap elementor-element-populated\">\n\t\t\t\t\t\t\t\t<div class=\"elementor-element elementor-element-5ebd2be elementor-widget elementor-widget-shortcode\" data-id=\"5ebd2be\" data-element_type=\"widget\" data-widget_type=\"shortcode.default\">\n\t\t\t\t<div class=\"elementor-widget-container\">\n\t\t\t\t\t<div class=\"elementor-shortcode\">\n<div class=\"wpcf7 no-js\" id=\"wpcf7-f14848-o1\" lang=\"de-DE\" dir=\"ltr\">\n<div class=\"screen-reader-response\"><p role=\"status\" aria-live=\"polite\" aria-atomic=\"true\"><\/p> <ul><\/ul><\/div>\n<form action=\"\/de\/wp-json\/wp\/v2\/pages\/9843#wpcf7-f14848-o1\" method=\"post\" class=\"wpcf7-form init\" aria-label=\"Kontaktformular\" novalidate=\"novalidate\" data-status=\"init\">\n<div style=\"display: none;\">\n<input type=\"hidden\" name=\"_wpcf7\" value=\"14848\" \/>\n<input type=\"hidden\" name=\"_wpcf7_version\" value=\"5.7.7\" \/>\n<input type=\"hidden\" name=\"_wpcf7_locale\" value=\"de_DE\" \/>\n<input type=\"hidden\" name=\"_wpcf7_unit_tag\" value=\"wpcf7-f14848-o1\" \/>\n<input type=\"hidden\" name=\"_wpcf7_container_post\" value=\"0\" \/>\n<input type=\"hidden\" name=\"_wpcf7_posted_data_hash\" value=\"\" \/>\n<input type=\"hidden\" name=\"_wpcf7_recaptcha_response\" value=\"\" \/>\n<\/div>\n<h3 class=\"form_section_title\">F\u00fcllen Sie das Formular aus\n<\/h3>\n<div class=\"form_row form_row_100\">\n\t<p><label> <span class=\"label\">Vorname und Nachname*<\/span><br \/>\n<span class=\"wpcf7-form-control-wrap\" data-name=\"nome_cognome\"><input size=\"40\" maxlength=\"200\" class=\"wpcf7-form-control wpcf7-text wpcf7-validates-as-required\" aria-required=\"true\" aria-invalid=\"false\" value=\"\" type=\"text\" name=\"nome_cognome\" \/><\/span> <\/label>\n\t<\/p>\n<\/div>\n<div class=\"form_row form_row_50\">\n\t<p><label> <span class=\"label\">Telefon*<\/span><br \/>\n<span class=\"wpcf7-form-control-wrap\" data-name=\"telefono\"><input size=\"40\" maxlength=\"50\" class=\"wpcf7-form-control wpcf7-text wpcf7-tel wpcf7-validates-as-tel\" aria-invalid=\"false\" value=\"\" type=\"tel\" name=\"telefono\" \/><\/span> <\/label><br \/>\n<label> <span class=\"label\">E-Mail*<\/span><br \/>\n<span class=\"wpcf7-form-control-wrap\" data-name=\"email\"><input size=\"40\" maxlength=\"100\" class=\"wpcf7-form-control wpcf7-text wpcf7-email wpcf7-validates-as-required wpcf7-validates-as-email\" aria-required=\"true\" aria-invalid=\"false\" value=\"\" type=\"email\" name=\"email\" \/><\/span> <\/label>\n\t<\/p>\n<\/div>\n<div class=\"form_row form_row_50\">\n\t<p><label> <span class=\"label\">Stadt*<\/span><br \/>\n<span class=\"wpcf7-form-control-wrap\" data-name=\"citta\"><input size=\"40\" maxlength=\"50\" class=\"wpcf7-form-control wpcf7-text\" aria-invalid=\"false\" value=\"\" type=\"text\" name=\"citta\" \/><\/span> <\/label><br \/>\n<label> <span class=\"label\">Provinz\/ Postleitzahl **<\/span><br \/>\n<span class=\"wpcf7-form-control-wrap\" data-name=\"provincia_cap\"><input size=\"40\" maxlength=\"100\" class=\"wpcf7-form-control wpcf7-text wpcf7-validates-as-required\" aria-required=\"true\" aria-invalid=\"false\" value=\"\" type=\"text\" name=\"provincia_cap\" \/><\/span> <\/label>\n\t<\/p>\n<\/div>\n<div class=\"form_row form_row_100\">\n\t<p><label> <span class=\"label\">Eine Nachricht hinzuf\u00fcgen<\/span><br \/>\n<span class=\"wpcf7-form-control-wrap\" data-name=\"messaggio\"><textarea cols=\"40\" rows=\"3\" class=\"wpcf7-form-control wpcf7-textarea\" aria-invalid=\"false\" name=\"messaggio\"><\/textarea><\/span> <\/label>\n\t<\/p>\n<\/div>\n<div class=\"form_row spacer\">\n<\/div>\n<div class=\"form_row form_row_100\">\n\t<div class=\"form_row form_row_100 inner_row inline_control\">\n\t\t<p><label> <span class=\"label_big\">Sie haben ein Gesch\u00e4ft*<\/span><\/label><span class=\"wpcf7-form-control-wrap\" data-name=\"negozio\"><span class=\"wpcf7-form-control wpcf7-radio inline_mobile\"><span class=\"wpcf7-list-item first\"><label><input type=\"radio\" name=\"negozio\" value=\"Ja\" \/><span class=\"wpcf7-list-item-label\">Ja<\/span><\/label><\/span><span class=\"wpcf7-list-item last\"><label><input type=\"radio\" name=\"negozio\" value=\"Nein\" \/><span class=\"wpcf7-list-item-label\">Nein<\/span><\/label><\/span><\/span><\/span>\n\t\t<\/p>\n\t<\/div>\n<\/div>\n<div class=\"form_row form_row_100\">\n\t<div class=\"form_row form_row_100 inner_row inline_control\">\n\t\t<p><label> <span class=\"label_medium\">Sektor*<\/span><\/label><span class=\"wpcf7-form-control-wrap\" data-name=\"settore\"><span class=\"wpcf7-form-control wpcf7-radio\"><span class=\"wpcf7-list-item first\"><label><input type=\"radio\" name=\"settore\" value=\"Bekleidung\" \/><span class=\"wpcf7-list-item-label\">Bekleidung<\/span><\/label><\/span><span class=\"wpcf7-list-item\"><label><input type=\"radio\" name=\"settore\" value=\"Schuhe\" \/><span class=\"wpcf7-list-item-label\">Schuhe<\/span><\/label><\/span><span class=\"wpcf7-list-item\"><label><input type=\"radio\" name=\"settore\" value=\"Bekleidung und Schuhe\" \/><span class=\"wpcf7-list-item-label\">Bekleidung und Schuhe<\/span><\/label><\/span><span class=\"wpcf7-list-item last\"><label><input type=\"radio\" name=\"settore\" value=\"Andere\" \/><span class=\"wpcf7-list-item-label\">Andere<\/span><\/label><\/span><\/span><\/span>\n\t\t<\/p>\n\t<\/div>\n<\/div>\n<div class=\"form_row form_row_50 no_margin\">\n\t<p><label> <span class=\"label\">Ladenschild<\/span><br \/>\n<span class=\"wpcf7-form-control-wrap\" data-name=\"insegna_negozio\"><input size=\"40\" maxlength=\"100\" class=\"wpcf7-form-control wpcf7-text\" aria-invalid=\"false\" value=\"\" type=\"text\" name=\"insegna_negozio\" \/><\/span> <\/label><br \/>\n<label> <span class=\"label\">Internetauftritt<\/span><br \/>\n<span class=\"wpcf7-form-control-wrap\" data-name=\"sito_internet\"><input size=\"40\" maxlength=\"100\" class=\"wpcf7-form-control wpcf7-text wpcf7-url wpcf7-validates-as-url\" aria-invalid=\"false\" value=\"\" type=\"url\" name=\"sito_internet\" \/><\/span> <\/label>\n\t<\/p>\n<\/div>\n<div class=\"form_row form_row_100\">\n\t<p><span class=\"small_info\">*Pflichtfeld | **Mindestens eines der beiden Felder ausf\u00fcllen<\/span>\n\t<\/p>\n<\/div>\n<div class=\"form_row form_row_100 acceptance\">\n\t<p><span class=\"wpcf7-form-control-wrap\" data-name=\"accettazione-privacy\"><span class=\"wpcf7-form-control wpcf7-acceptance\"><span class=\"wpcf7-list-item\"><label><input type=\"checkbox\" name=\"accettazione-privacy\" value=\"1\" aria-invalid=\"false\" \/><span class=\"wpcf7-list-item-label\">Nach Kenntnisnahme des <a href=\"https:\/\/www.imac-italia.it\/documenti\/informativa_utenti_sito_primigi_de.pdf\" target=\"_blank\">Informationshinweises<\/a>, bitte ich  um Kontaktaufnahme mit mir f\u00fcr die Aktivit\u00e4t bez\u00fcglich meiner Anfrage  und genehmige die Verarbeitung meiner personenbezogenen Daten.<\/span><\/label><\/span><\/span><\/span>\n\t<\/p>\n<\/div>\n<div class=\"form_row form_row_100 button_submit\">\n\t<p><input class=\"wpcf7-form-control has-spinner wpcf7-submit\" type=\"submit\" value=\"Senden\" \/>\n\t<\/p>\n<\/div><div class=\"wpcf7-response-output\" aria-hidden=\"true\"><\/div>\n<\/form>\n<\/div>\n<\/div>\n\t\t\t\t<\/div>\n\t\t\t\t<\/div>\n\t\t\t\t\t<\/div>\n\t\t<\/div>\n\t\t\t\t\t\t\t<\/div>\n\t\t<\/section>\n\t\t\t\t\t\t\t<\/div>\n\t\t","protected":false},"excerpt":{"rendered":"<p>M\u00f6chten Sie ein autorisierter Primigi-H\u00e4ndler werden?F\u00fcllen Sie das folgende Formular unverbindlich aus und wir werden Sie f\u00fcr weitere Informationen kontaktieren!<\/p>\n","protected":false},"author":11,"featured_media":0,"parent":0,"menu_order":0,"comment_status":"closed","ping_status":"closed","template":"","meta":{"site-sidebar-layout":"no-sidebar","site-content-layout":"page-builder","ast-global-header-display":"","ast-banner-title-visibility":"","ast-main-header-display":"","ast-hfb-above-header-display":"","ast-hfb-below-header-display":"","ast-hfb-mobile-header-display":"","site-post-title":"disabled","ast-breadcrumbs-content":"","ast-featured-img":"disabled","footer-sml-layout":"","theme-transparent-header-meta":"","adv-header-id-meta":"","stick-header-meta":"","header-above-stick-meta":"","header-main-stick-meta":"","header-below-stick-meta":""},"acf":[],"yoast_head":"<!-- This site is optimized with the Yoast SEO plugin v20.11 - https:\/\/yoast.com\/wordpress\/plugins\/seo\/ -->\n<title>Werde ein Primigi verk\u00e4ufer - Primigi<\/title>\n<meta name=\"robots\" content=\"index, follow, max-snippet:-1, max-image-preview:large, max-video-preview:-1\" \/>\n<link rel=\"canonical\" href=\"https:\/\/www.primigi.it\/de\/werde-ein-primigi-verkaeufer\/\" \/>\n<meta property=\"og:locale\" content=\"de_DE\" \/>\n<meta property=\"og:type\" content=\"article\" \/>\n<meta property=\"og:title\" content=\"Werde ein Primigi verk\u00e4ufer - Primigi\" \/>\n<meta property=\"og:description\" content=\"M\u00f6chten Sie ein autorisierter Primigi-H\u00e4ndler werden?F\u00fcllen Sie das folgende Formular unverbindlich aus und wir werden Sie f\u00fcr weitere Informationen kontaktieren!\" \/>\n<meta property=\"og:url\" content=\"https:\/\/www.primigi.it\/de\/werde-ein-primigi-verkaeufer\/\" \/>\n<meta property=\"og:site_name\" content=\"Primigi\" \/>\n<meta property=\"article:modified_time\" content=\"2023-05-26T08:47:46+00:00\" \/>\n<meta name=\"twitter:card\" content=\"summary_large_image\" \/>\n<meta name=\"twitter:label1\" content=\"Gesch\u00e4tzte Lesezeit\" \/>\n\t<meta name=\"twitter:data1\" content=\"1 Minute\" \/>\n<script type=\"application\/ld+json\" class=\"yoast-schema-graph\">{\"@context\":\"https:\/\/schema.org\",\"@graph\":[{\"@type\":\"WebPage\",\"@id\":\"https:\/\/www.primigi.it\/de\/werde-ein-primigi-verkaeufer\/\",\"url\":\"https:\/\/www.primigi.it\/de\/werde-ein-primigi-verkaeufer\/\",\"name\":\"Werde ein Primigi verk\u00e4ufer - Primigi\",\"isPartOf\":{\"@id\":\"https:\/\/www.primigi.it\/de\/#website\"},\"datePublished\":\"2023-03-20T15:07:57+00:00\",\"dateModified\":\"2023-05-26T08:47:46+00:00\",\"breadcrumb\":{\"@id\":\"https:\/\/www.primigi.it\/de\/werde-ein-primigi-verkaeufer\/#breadcrumb\"},\"inLanguage\":\"de-DE\",\"potentialAction\":[{\"@type\":\"ReadAction\",\"target\":[\"https:\/\/www.primigi.it\/de\/werde-ein-primigi-verkaeufer\/\"]}]},{\"@type\":\"BreadcrumbList\",\"@id\":\"https:\/\/www.primigi.it\/de\/werde-ein-primigi-verkaeufer\/#breadcrumb\",\"itemListElement\":[{\"@type\":\"ListItem\",\"position\":1,\"name\":\"Home\",\"item\":\"https:\/\/www.primigi.it\/de\/\"},{\"@type\":\"ListItem\",\"position\":2,\"name\":\"Werde ein Primigi verk\u00e4ufer\"}]},{\"@type\":\"WebSite\",\"@id\":\"https:\/\/www.primigi.it\/de\/#website\",\"url\":\"https:\/\/www.primigi.it\/de\/\",\"name\":\"Primigi\",\"description\":\"Scarpe e abbigliamento per bambino e bambina\",\"publisher\":{\"@id\":\"https:\/\/www.primigi.it\/de\/#organization\"},\"potentialAction\":[{\"@type\":\"SearchAction\",\"target\":{\"@type\":\"EntryPoint\",\"urlTemplate\":\"https:\/\/www.primigi.it\/de\/?s={search_term_string}\"},\"query-input\":\"required name=search_term_string\"}],\"inLanguage\":\"de-DE\"},{\"@type\":\"Organization\",\"@id\":\"https:\/\/www.primigi.it\/de\/#organization\",\"name\":\"Primigi\",\"url\":\"https:\/\/www.primigi.it\/de\/\",\"logo\":{\"@type\":\"ImageObject\",\"inLanguage\":\"de-DE\",\"@id\":\"https:\/\/www.primigi.it\/de\/#\/schema\/logo\/image\/\",\"url\":\"https:\/\/www.primigi.it\/wp-content\/uploads\/2023\/03\/cropped-Primigi_logo50_vert-200.png\",\"contentUrl\":\"https:\/\/www.primigi.it\/wp-content\/uploads\/2023\/03\/cropped-Primigi_logo50_vert-200.png\",\"width\":200,\"height\":208,\"caption\":\"Primigi\"},\"image\":{\"@id\":\"https:\/\/www.primigi.it\/de\/#\/schema\/logo\/image\/\"}}]}<\/script>\n<!-- \/ Yoast SEO plugin. -->","yoast_head_json":{"title":"Werde ein Primigi verk\u00e4ufer - Primigi","robots":{"index":"index","follow":"follow","max-snippet":"max-snippet:-1","max-image-preview":"max-image-preview:large","max-video-preview":"max-video-preview:-1"},"canonical":"https:\/\/www.primigi.it\/de\/werde-ein-primigi-verkaeufer\/","og_locale":"de_DE","og_type":"article","og_title":"Werde ein Primigi verk\u00e4ufer - Primigi","og_description":"M\u00f6chten Sie ein autorisierter Primigi-H\u00e4ndler werden?F\u00fcllen Sie das folgende Formular unverbindlich aus und wir werden Sie f\u00fcr weitere Informationen kontaktieren!","og_url":"https:\/\/www.primigi.it\/de\/werde-ein-primigi-verkaeufer\/","og_site_name":"Primigi","article_modified_time":"2023-05-26T08:47:46+00:00","twitter_card":"summary_large_image","twitter_misc":{"Gesch\u00e4tzte Lesezeit":"1 Minute"},"schema":{"@context":"https:\/\/schema.org","@graph":[{"@type":"WebPage","@id":"https:\/\/www.primigi.it\/de\/werde-ein-primigi-verkaeufer\/","url":"https:\/\/www.primigi.it\/de\/werde-ein-primigi-verkaeufer\/","name":"Werde ein Primigi verk\u00e4ufer - Primigi","isPartOf":{"@id":"https:\/\/www.primigi.it\/de\/#website"},"datePublished":"2023-03-20T15:07:57+00:00","dateModified":"2023-05-26T08:47:46+00:00","breadcrumb":{"@id":"https:\/\/www.primigi.it\/de\/werde-ein-primigi-verkaeufer\/#breadcrumb"},"inLanguage":"de-DE","potentialAction":[{"@type":"ReadAction","target":["https:\/\/www.primigi.it\/de\/werde-ein-primigi-verkaeufer\/"]}]},{"@type":"BreadcrumbList","@id":"https:\/\/www.primigi.it\/de\/werde-ein-primigi-verkaeufer\/#breadcrumb","itemListElement":[{"@type":"ListItem","position":1,"name":"Home","item":"https:\/\/www.primigi.it\/de\/"},{"@type":"ListItem","position":2,"name":"Werde ein Primigi verk\u00e4ufer"}]},{"@type":"WebSite","@id":"https:\/\/www.primigi.it\/de\/#website","url":"https:\/\/www.primigi.it\/de\/","name":"Primigi","description":"Scarpe e abbigliamento per bambino e bambina","publisher":{"@id":"https:\/\/www.primigi.it\/de\/#organization"},"potentialAction":[{"@type":"SearchAction","target":{"@type":"EntryPoint","urlTemplate":"https:\/\/www.primigi.it\/de\/?s={search_term_string}"},"query-input":"required name=search_term_string"}],"inLanguage":"de-DE"},{"@type":"Organization","@id":"https:\/\/www.primigi.it\/de\/#organization","name":"Primigi","url":"https:\/\/www.primigi.it\/de\/","logo":{"@type":"ImageObject","inLanguage":"de-DE","@id":"https:\/\/www.primigi.it\/de\/#\/schema\/logo\/image\/","url":"https:\/\/www.primigi.it\/wp-content\/uploads\/2023\/03\/cropped-Primigi_logo50_vert-200.png","contentUrl":"https:\/\/www.primigi.it\/wp-content\/uploads\/2023\/03\/cropped-Primigi_logo50_vert-200.png","width":200,"height":208,"caption":"Primigi"},"image":{"@id":"https:\/\/www.primigi.it\/de\/#\/schema\/logo\/image\/"}}]}},"wpml_current_locale":"de_DE","wpml_translations":{"it_IT":{"locale":"it_IT","id":1002,"slug":"diventa-partner","post_title":"Diventa partner","href":"https:\/\/www.primigi.it\/diventa-partner\/"},"en_US":{"locale":"en_US","id":9818,"slug":"become-a-partner","post_title":"Become a partner","href":"https:\/\/www.primigi.it\/en\/become-a-partner\/"},"fr_FR":{"locale":"fr_FR","id":9831,"slug":"devenez-partenaire","post_title":"Devenez partenaire","href":"https:\/\/www.primigi.it\/fr\/devenez-partenaire\/"},"ru_RU":{"locale":"ru_RU","id":9847,"slug":"%d1%81%d1%82%d0%b0%d0%bd%d1%8c%d1%82%d0%b5-%d1%80%d0%be%d0%b7%d0%bd%d0%b8%d1%87%d0%bd%d1%8b%d0%bc-%d0%bf%d1%80%d0%be%d0%b4%d0%b0%d0%b2%d1%86%d0%be%d0%bc-primigi","post_title":"\u0421\u0422\u0410\u041d\u042c\u0422\u0415 \u0420\u041e\u0417\u041d\u0418\u0427\u041d\u042b\u041c \u041f\u0420\u041e\u0414\u0410\u0412\u0426\u041e\u041c PRIMIGI","href":"https:\/\/www.primigi.it\/ru\/%D1%81%D1%82%D0%B0%D0%BD%D1%8C%D1%82%D0%B5-%D1%80%D0%BE%D0%B7%D0%BD%D0%B8%D1%87%D0%BD%D1%8B%D0%BC-%D0%BF%D1%80%D0%BE%D0%B4%D0%B0%D0%B2%D1%86%D0%BE%D0%BC-primigi\/"},"es_ES":{"locale":"es_ES","id":9845,"slug":"se-haga-vendedor-al-detalle","post_title":"Se haga nuestro partner","href":"https:\/\/www.primigi.it\/es\/se-haga-vendedor-al-detalle\/"}},"_links":{"self":[{"href":"https:\/\/www.primigi.it\/de\/wp-json\/wp\/v2\/pages\/9843"}],"collection":[{"href":"https:\/\/www.primigi.it\/de\/wp-json\/wp\/v2\/pages"}],"about":[{"href":"https:\/\/www.primigi.it\/de\/wp-json\/wp\/v2\/types\/page"}],"author":[{"embeddable":true,"href":"https:\/\/www.primigi.it\/de\/wp-json\/wp\/v2\/users\/11"}],"replies":[{"embeddable":true,"href":"https:\/\/www.primigi.it\/de\/wp-json\/wp\/v2\/comments?post=9843"}],"version-history":[{"count":15,"href":"https:\/\/www.primigi.it\/de\/wp-json\/wp\/v2\/pages\/9843\/revisions"}],"predecessor-version":[{"id":14860,"href":"https:\/\/www.primigi.it\/de\/wp-json\/wp\/v2\/pages\/9843\/revisions\/14860"}],"wp:attachment":[{"href":"https:\/\/www.primigi.it\/de\/wp-json\/wp\/v2\/media?parent=9843"}],"curies":[{"name":"wp","href":"https:\/\/api.w.org\/{rel}","templated":true}]}}