{"id":14894,"date":"2023-10-13T12:44:25","date_gmt":"2023-10-13T10:44:25","guid":{"rendered":"http:\/\/wp.primigi.it\/laufende-werbeaktionen\/"},"modified":"2026-05-15T08:41:39","modified_gmt":"2026-05-15T06:41:39","slug":"laufende-werbeaktionen","status":"publish","type":"page","link":"https:\/\/www.primigi.it\/de\/laufende-werbeaktionen\/","title":{"rendered":"Laufende Werbeaktionen"},"content":{"rendered":"\t\t<div data-elementor-type=\"wp-page\" data-elementor-id=\"14894\" class=\"elementor elementor-14894 elementor-10841\" data-elementor-post-type=\"page\">\n\t\t\t\t\t\t\t\t\t<section class=\"elementor-section elementor-top-section elementor-element elementor-element-f5915f4 elementor-section-boxed elementor-section-height-default elementor-section-height-default\" data-id=\"f5915f4\" data-element_type=\"section\">\n\t\t\t\t\t\t<div class=\"elementor-container elementor-column-gap-default\">\n\t\t\t\t\t<div class=\"elementor-column elementor-col-100 elementor-top-column elementor-element elementor-element-12b2134\" data-id=\"12b2134\" data-element_type=\"column\">\n\t\t\t<div class=\"elementor-widget-wrap elementor-element-populated\">\n\t\t\t\t\t\t\t\t<div class=\"elementor-element elementor-element-f9dd569 elementor-widget elementor-widget-heading\" data-id=\"f9dd569\" data-element_type=\"widget\" data-widget_type=\"heading.default\">\n\t\t\t\t<div class=\"elementor-widget-container\">\n\t\t\t<style>\/*! elementor - v3.14.0 - 26-06-2023 *\/\n.elementor-heading-title{padding:0;margin:0;line-height:1}.elementor-widget-heading .elementor-heading-title[class*=elementor-size-]>a{color:inherit;font-size:inherit;line-height:inherit}.elementor-widget-heading .elementor-heading-title.elementor-size-small{font-size:15px}.elementor-widget-heading .elementor-heading-title.elementor-size-medium{font-size:19px}.elementor-widget-heading .elementor-heading-title.elementor-size-large{font-size:29px}.elementor-widget-heading .elementor-heading-title.elementor-size-xl{font-size:39px}.elementor-widget-heading .elementor-heading-title.elementor-size-xxl{font-size:59px}<\/style><h2 class=\"elementor-heading-title elementor-size-xxl\">MID SEASON SALE<\/h2>\t\t<\/div>\n\t\t\t\t<\/div>\n\t\t\t\t\t<\/div>\n\t\t<\/div>\n\t\t\t\t\t\t\t<\/div>\n\t\t<\/section>\n\t\t\t\t<section class=\"elementor-section elementor-top-section elementor-element elementor-element-5b05141 elementor-section-boxed elementor-section-height-default elementor-section-height-default\" data-id=\"5b05141\" data-element_type=\"section\">\n\t\t\t\t\t\t<div class=\"elementor-container elementor-column-gap-default\">\n\t\t\t\t\t<div class=\"elementor-column elementor-col-100 elementor-top-column elementor-element elementor-element-362affc\" data-id=\"362affc\" data-element_type=\"column\">\n\t\t\t<div class=\"elementor-widget-wrap elementor-element-populated\">\n\t\t\t\t\t\t\t\t<div class=\"elementor-element elementor-element-6a7bd63 elementor-widget elementor-widget-text-editor\" data-id=\"6a7bd63\" data-element_type=\"widget\" data-widget_type=\"text-editor.default\">\n\t\t\t\t<div class=\"elementor-widget-container\">\n\t\t\t<style>\/*! elementor - v3.14.0 - 26-06-2023 *\/\n.elementor-widget-text-editor.elementor-drop-cap-view-stacked .elementor-drop-cap{background-color:#69727d;color:#fff}.elementor-widget-text-editor.elementor-drop-cap-view-framed .elementor-drop-cap{color:#69727d;border:3px solid;background-color:transparent}.elementor-widget-text-editor:not(.elementor-drop-cap-view-default) .elementor-drop-cap{margin-top:8px}.elementor-widget-text-editor:not(.elementor-drop-cap-view-default) .elementor-drop-cap-letter{width:1em;height:1em}.elementor-widget-text-editor .elementor-drop-cap{float:left;text-align:center;line-height:1;font-size:50px}.elementor-widget-text-editor .elementor-drop-cap-letter{display:inline-block}<\/style>\t\t\t\t<h3>Profitiere von den Rabatten bis zu -50%!*<\/h3><h5>\u00a0<\/h5><h5>Deine Vorteile im \u00dcberblick:<\/h5><h5>50% Rabatt auf Outlet Artikel;<\/h5><h5>30 % Rabatt beim Kauf von 3 Artikeln aus der Fr\u00fchjahrskollektion 2026;<\/h5><h5>20% Rabatt beim Kauf von 3 Artikeln aus der Sommerkollektion 2026.<\/h5>\t\t\t\t\t\t<\/div>\n\t\t\t\t<\/div>\n\t\t\t\t\t<\/div>\n\t\t<\/div>\n\t\t\t\t\t\t\t<\/div>\n\t\t<\/section>\n\t\t\t\t<section class=\"elementor-section elementor-top-section elementor-element elementor-element-0ddc18e elementor-section-boxed elementor-section-height-default elementor-section-height-default\" data-id=\"0ddc18e\" data-element_type=\"section\">\n\t\t\t\t\t\t<div class=\"elementor-container elementor-column-gap-default\">\n\t\t\t\t\t<div class=\"elementor-column elementor-col-100 elementor-top-column elementor-element elementor-element-ad75c8f\" data-id=\"ad75c8f\" data-element_type=\"column\">\n\t\t\t<div class=\"elementor-widget-wrap\">\n\t\t\t\t\t\t\t\t\t<\/div>\n\t\t<\/div>\n\t\t\t\t\t\t\t<\/div>\n\t\t<\/section>\n\t\t\t\t<section class=\"elementor-section elementor-top-section elementor-element elementor-element-6304a8f elementor-section-boxed elementor-section-height-default elementor-section-height-default\" data-id=\"6304a8f\" data-element_type=\"section\">\n\t\t\t\t\t\t<div class=\"elementor-container elementor-column-gap-default\">\n\t\t\t\t\t<div class=\"elementor-column elementor-col-50 elementor-top-column elementor-element elementor-element-2920776\" data-id=\"2920776\" data-element_type=\"column\">\n\t\t\t<div class=\"elementor-widget-wrap elementor-element-populated\">\n\t\t\t\t\t\t\t\t<div class=\"elementor-element elementor-element-66e5eac elementor-align-right elementor-widget elementor-widget-button\" data-id=\"66e5eac\" data-element_type=\"widget\" data-widget_type=\"button.default\">\n\t\t\t\t<div class=\"elementor-widget-container\">\n\t\t\t\t\t<div class=\"elementor-button-wrapper\">\n\t\t\t<a class=\"elementor-button elementor-button-link elementor-size-sm\" href=\"https:\/\/www.primigi.it\/shop\/p_de\/angebot\/spring.html\">\n\t\t\t\t\t\t<span class=\"elementor-button-content-wrapper\">\n\t\t\t\t\t\t<span class=\"elementor-button-text\">3 St\u00fccken 30%<\/span>\n\t\t<\/span>\n\t\t\t\t\t<\/a>\n\t\t<\/div>\n\t\t\t\t<\/div>\n\t\t\t\t<\/div>\n\t\t\t\t\t<\/div>\n\t\t<\/div>\n\t\t\t\t<div class=\"elementor-column elementor-col-50 elementor-top-column elementor-element elementor-element-4c17bd4\" data-id=\"4c17bd4\" data-element_type=\"column\">\n\t\t\t<div class=\"elementor-widget-wrap elementor-element-populated\">\n\t\t\t\t\t\t\t\t<div class=\"elementor-element elementor-element-09f6993 elementor-align-left elementor-widget elementor-widget-button\" data-id=\"09f6993\" data-element_type=\"widget\" data-widget_type=\"button.default\">\n\t\t\t\t<div class=\"elementor-widget-container\">\n\t\t\t\t\t<div class=\"elementor-button-wrapper\">\n\t\t\t<a class=\"elementor-button elementor-button-link elementor-size-sm\" href=\"https:\/\/www.primigi.it\/shop\/p_de\/angebot\/estivo.html\">\n\t\t\t\t\t\t<span class=\"elementor-button-content-wrapper\">\n\t\t\t\t\t\t<span class=\"elementor-button-text\">3 St\u00fccken 20%<\/span>\n\t\t<\/span>\n\t\t\t\t\t<\/a>\n\t\t<\/div>\n\t\t\t\t<\/div>\n\t\t\t\t<\/div>\n\t\t\t\t\t<\/div>\n\t\t<\/div>\n\t\t\t\t\t\t\t<\/div>\n\t\t<\/section>\n\t\t\t\t<section class=\"elementor-section elementor-top-section elementor-element elementor-element-a21d97a elementor-section-boxed elementor-section-height-default elementor-section-height-default\" data-id=\"a21d97a\" data-element_type=\"section\">\n\t\t\t\t\t\t<div class=\"elementor-container elementor-column-gap-default\">\n\t\t\t\t\t<div class=\"elementor-column elementor-col-100 elementor-top-column elementor-element elementor-element-ff8b661\" data-id=\"ff8b661\" data-element_type=\"column\">\n\t\t\t<div class=\"elementor-widget-wrap\">\n\t\t\t\t\t\t\t\t\t<\/div>\n\t\t<\/div>\n\t\t\t\t\t\t\t<\/div>\n\t\t<\/section>\n\t\t\t\t<section class=\"elementor-section elementor-top-section elementor-element elementor-element-2c9fced elementor-section-boxed elementor-section-height-default elementor-section-height-default\" data-id=\"2c9fced\" data-element_type=\"section\">\n\t\t\t\t\t\t<div class=\"elementor-container elementor-column-gap-default\">\n\t\t\t\t\t<div class=\"elementor-column elementor-col-25 elementor-top-column elementor-element elementor-element-ede9a84\" data-id=\"ede9a84\" data-element_type=\"column\">\n\t\t\t<div class=\"elementor-widget-wrap\">\n\t\t\t\t\t\t\t\t\t<\/div>\n\t\t<\/div>\n\t\t\t\t<div class=\"elementor-column elementor-col-50 elementor-top-column elementor-element elementor-element-8480362\" data-id=\"8480362\" data-element_type=\"column\">\n\t\t\t<div class=\"elementor-widget-wrap elementor-element-populated\">\n\t\t\t\t\t\t\t\t<div class=\"elementor-element elementor-element-4d20b33 elementor-widget elementor-widget-image\" data-id=\"4d20b33\" data-element_type=\"widget\" data-widget_type=\"image.default\">\n\t\t\t\t<div class=\"elementor-widget-container\">\n\t\t\t<style>\/*! elementor - v3.14.0 - 26-06-2023 *\/\n.elementor-widget-image{text-align:center}.elementor-widget-image a{display:inline-block}.elementor-widget-image a img[src$=\".svg\"]{width:48px}.elementor-widget-image img{vertical-align:middle;display:inline-block}<\/style>\t\t\t\t\t\t\t\t\t\t\t\t<img decoding=\"async\" width=\"1000\" height=\"1000\" src=\"https:\/\/www.primigi.it\/wp-content\/uploads\/2026\/05\/F1640-Primigi-PROMO-Mid-season-sale-adattamenti_1000x1000-ita-DE.jpg\" class=\"attachment-large size-large wp-image-39295\" alt=\"\" loading=\"lazy\" srcset=\"https:\/\/www.primigi.it\/wp-content\/uploads\/2026\/05\/F1640-Primigi-PROMO-Mid-season-sale-adattamenti_1000x1000-ita-DE.jpg 1000w, https:\/\/www.primigi.it\/wp-content\/uploads\/2026\/05\/F1640-Primigi-PROMO-Mid-season-sale-adattamenti_1000x1000-ita-DE-300x300.jpg 300w, https:\/\/www.primigi.it\/wp-content\/uploads\/2026\/05\/F1640-Primigi-PROMO-Mid-season-sale-adattamenti_1000x1000-ita-DE-150x150.jpg 150w, https:\/\/www.primigi.it\/wp-content\/uploads\/2026\/05\/F1640-Primigi-PROMO-Mid-season-sale-adattamenti_1000x1000-ita-DE-768x768.jpg 768w\" sizes=\"(max-width: 1000px) 100vw, 1000px\" \/>\t\t\t\t\t\t\t\t\t\t\t\t\t\t\t<\/div>\n\t\t\t\t<\/div>\n\t\t\t\t\t<\/div>\n\t\t<\/div>\n\t\t\t\t<div class=\"elementor-column elementor-col-25 elementor-top-column elementor-element elementor-element-fc0e6a0\" data-id=\"fc0e6a0\" data-element_type=\"column\">\n\t\t\t<div class=\"elementor-widget-wrap\">\n\t\t\t\t\t\t\t\t\t<\/div>\n\t\t<\/div>\n\t\t\t\t\t\t\t<\/div>\n\t\t<\/section>\n\t\t\t\t<section class=\"elementor-section elementor-top-section elementor-element elementor-element-c6d30ba elementor-section-boxed elementor-section-height-default elementor-section-height-default\" data-id=\"c6d30ba\" data-element_type=\"section\">\n\t\t\t\t\t\t<div class=\"elementor-container elementor-column-gap-default\">\n\t\t\t\t\t<div class=\"elementor-column elementor-col-100 elementor-top-column elementor-element elementor-element-2728ecf\" data-id=\"2728ecf\" data-element_type=\"column\">\n\t\t\t<div class=\"elementor-widget-wrap elementor-element-populated\">\n\t\t\t\t\t\t\t\t<div class=\"elementor-element elementor-element-831b85a elementor-widget elementor-widget-text-editor\" data-id=\"831b85a\" data-element_type=\"widget\" data-widget_type=\"text-editor.default\">\n\t\t\t\t<div class=\"elementor-widget-container\">\n\t\t\t\t\t\t\t<h5 class=\"p1\" style=\"text-align: center;\"><strong>*Au<\/strong><span class=\"Y2IQFc\" lang=\"de\">\u00df<\/span><strong>er<\/strong> Accessoires und Schuhe.<\/h5>\t\t\t\t\t\t<\/div>\n\t\t\t\t<\/div>\n\t\t\t\t\t<\/div>\n\t\t<\/div>\n\t\t\t\t\t\t\t<\/div>\n\t\t<\/section>\n\t\t\t\t\t\t\t<\/div>\n\t\t","protected":false},"excerpt":{"rendered":"<p>MID SEASON SALE Profitiere von den Rabatten bis zu -50%!* \u00a0 Deine Vorteile im \u00dcberblick: 50% Rabatt auf Outlet Artikel; 30 % Rabatt beim Kauf von 3 Artikeln aus der Fr\u00fchjahrskollektion 2026; 20% Rabatt beim Kauf von 3 Artikeln aus der Sommerkollektion 2026. 3 St\u00fccken 30% 3 St\u00fccken 20% *Au\u00dfer Accessoires und Schuhe.<\/p>\n","protected":false},"author":4,"featured_media":0,"parent":0,"menu_order":0,"comment_status":"closed","ping_status":"closed","template":"","meta":{"site-sidebar-layout":"no-sidebar","site-content-layout":"page-builder","ast-global-header-display":"","ast-banner-title-visibility":"","ast-main-header-display":"","ast-hfb-above-header-display":"","ast-hfb-below-header-display":"","ast-hfb-mobile-header-display":"","site-post-title":"disabled","ast-breadcrumbs-content":"","ast-featured-img":"disabled","footer-sml-layout":"","theme-transparent-header-meta":"","adv-header-id-meta":"","stick-header-meta":"","header-above-stick-meta":"","header-main-stick-meta":"","header-below-stick-meta":""},"acf":[],"yoast_head":"<!-- This site is optimized with the Yoast SEO plugin v20.11 - https:\/\/yoast.com\/wordpress\/plugins\/seo\/ -->\n<title>Laufende Werbeaktionen - Primigi<\/title>\n<meta name=\"description\" content=\"Primigi - Laufende Werbeaktionen - Ab 30. April Fr\u00fchlingsaktion, 30 % Rabatt auf eine Auswahl an Fr\u00fchlingskleidung.\" \/>\n<meta name=\"robots\" content=\"index, follow, max-snippet:-1, max-image-preview:large, max-video-preview:-1\" \/>\n<link rel=\"canonical\" href=\"https:\/\/www.primigi.it\/de\/laufende-werbeaktionen\/\" \/>\n<meta property=\"og:locale\" content=\"de_DE\" \/>\n<meta property=\"og:type\" content=\"article\" \/>\n<meta property=\"og:title\" content=\"Laufende Werbeaktionen - Primigi\" \/>\n<meta property=\"og:description\" content=\"Primigi - Laufende Werbeaktionen - Ab 30. April Fr\u00fchlingsaktion, 30 % Rabatt auf eine Auswahl an Fr\u00fchlingskleidung.\" \/>\n<meta property=\"og:url\" content=\"https:\/\/www.primigi.it\/de\/laufende-werbeaktionen\/\" \/>\n<meta property=\"og:site_name\" content=\"Primigi\" \/>\n<meta property=\"article:modified_time\" content=\"2026-05-15T06:41:39+00:00\" \/>\n<meta property=\"og:image\" content=\"https:\/\/www.primigi.it\/wp-content\/uploads\/2026\/05\/F1640-Primigi-PROMO-Mid-season-sale-adattamenti_1000x1000-ita-DE.jpg\" \/>\n<meta name=\"twitter:card\" content=\"summary_large_image\" \/>\n<meta name=\"twitter:label1\" content=\"Gesch\u00e4tzte Lesezeit\" \/>\n\t<meta name=\"twitter:data1\" content=\"1 Minute\" \/>\n<script type=\"application\/ld+json\" class=\"yoast-schema-graph\">{\"@context\":\"https:\/\/schema.org\",\"@graph\":[{\"@type\":\"WebPage\",\"@id\":\"https:\/\/www.primigi.it\/de\/laufende-werbeaktionen\/\",\"url\":\"https:\/\/www.primigi.it\/de\/laufende-werbeaktionen\/\",\"name\":\"Laufende Werbeaktionen - Primigi\",\"isPartOf\":{\"@id\":\"https:\/\/www.primigi.it\/de\/#website\"},\"datePublished\":\"2023-10-13T10:44:25+00:00\",\"dateModified\":\"2026-05-15T06:41:39+00:00\",\"description\":\"Primigi - Laufende Werbeaktionen - Ab 30. April Fr\u00fchlingsaktion, 30 % Rabatt auf eine Auswahl an Fr\u00fchlingskleidung.\",\"breadcrumb\":{\"@id\":\"https:\/\/www.primigi.it\/de\/laufende-werbeaktionen\/#breadcrumb\"},\"inLanguage\":\"de-DE\",\"potentialAction\":[{\"@type\":\"ReadAction\",\"target\":[\"https:\/\/www.primigi.it\/de\/laufende-werbeaktionen\/\"]}]},{\"@type\":\"BreadcrumbList\",\"@id\":\"https:\/\/www.primigi.it\/de\/laufende-werbeaktionen\/#breadcrumb\",\"itemListElement\":[{\"@type\":\"ListItem\",\"position\":1,\"name\":\"Home\",\"item\":\"https:\/\/www.primigi.it\/de\/\"},{\"@type\":\"ListItem\",\"position\":2,\"name\":\"Laufende Werbeaktionen\"}]},{\"@type\":\"WebSite\",\"@id\":\"https:\/\/www.primigi.it\/de\/#website\",\"url\":\"https:\/\/www.primigi.it\/de\/\",\"name\":\"Primigi\",\"description\":\"Scarpe e abbigliamento per bambino e bambina\",\"publisher\":{\"@id\":\"https:\/\/www.primigi.it\/de\/#organization\"},\"potentialAction\":[{\"@type\":\"SearchAction\",\"target\":{\"@type\":\"EntryPoint\",\"urlTemplate\":\"https:\/\/www.primigi.it\/de\/?s={search_term_string}\"},\"query-input\":\"required name=search_term_string\"}],\"inLanguage\":\"de-DE\"},{\"@type\":\"Organization\",\"@id\":\"https:\/\/www.primigi.it\/de\/#organization\",\"name\":\"Primigi\",\"url\":\"https:\/\/www.primigi.it\/de\/\",\"logo\":{\"@type\":\"ImageObject\",\"inLanguage\":\"de-DE\",\"@id\":\"https:\/\/www.primigi.it\/de\/#\/schema\/logo\/image\/\",\"url\":\"https:\/\/www.primigi.it\/wp-content\/uploads\/2023\/03\/cropped-Primigi_logo50_vert-200.png\",\"contentUrl\":\"https:\/\/www.primigi.it\/wp-content\/uploads\/2023\/03\/cropped-Primigi_logo50_vert-200.png\",\"width\":200,\"height\":208,\"caption\":\"Primigi\"},\"image\":{\"@id\":\"https:\/\/www.primigi.it\/de\/#\/schema\/logo\/image\/\"}}]}<\/script>\n<!-- \/ Yoast SEO plugin. -->","yoast_head_json":{"title":"Laufende Werbeaktionen - Primigi","description":"Primigi - Laufende Werbeaktionen - Ab 30. April Fr\u00fchlingsaktion, 30 % Rabatt auf eine Auswahl an Fr\u00fchlingskleidung.","robots":{"index":"index","follow":"follow","max-snippet":"max-snippet:-1","max-image-preview":"max-image-preview:large","max-video-preview":"max-video-preview:-1"},"canonical":"https:\/\/www.primigi.it\/de\/laufende-werbeaktionen\/","og_locale":"de_DE","og_type":"article","og_title":"Laufende Werbeaktionen - Primigi","og_description":"Primigi - Laufende Werbeaktionen - Ab 30. April Fr\u00fchlingsaktion, 30 % Rabatt auf eine Auswahl an Fr\u00fchlingskleidung.","og_url":"https:\/\/www.primigi.it\/de\/laufende-werbeaktionen\/","og_site_name":"Primigi","article_modified_time":"2026-05-15T06:41:39+00:00","og_image":[{"url":"https:\/\/www.primigi.it\/wp-content\/uploads\/2026\/05\/F1640-Primigi-PROMO-Mid-season-sale-adattamenti_1000x1000-ita-DE.jpg"}],"twitter_card":"summary_large_image","twitter_misc":{"Gesch\u00e4tzte Lesezeit":"1 Minute"},"schema":{"@context":"https:\/\/schema.org","@graph":[{"@type":"WebPage","@id":"https:\/\/www.primigi.it\/de\/laufende-werbeaktionen\/","url":"https:\/\/www.primigi.it\/de\/laufende-werbeaktionen\/","name":"Laufende Werbeaktionen - Primigi","isPartOf":{"@id":"https:\/\/www.primigi.it\/de\/#website"},"datePublished":"2023-10-13T10:44:25+00:00","dateModified":"2026-05-15T06:41:39+00:00","description":"Primigi - Laufende Werbeaktionen - Ab 30. April Fr\u00fchlingsaktion, 30 % Rabatt auf eine Auswahl an Fr\u00fchlingskleidung.","breadcrumb":{"@id":"https:\/\/www.primigi.it\/de\/laufende-werbeaktionen\/#breadcrumb"},"inLanguage":"de-DE","potentialAction":[{"@type":"ReadAction","target":["https:\/\/www.primigi.it\/de\/laufende-werbeaktionen\/"]}]},{"@type":"BreadcrumbList","@id":"https:\/\/www.primigi.it\/de\/laufende-werbeaktionen\/#breadcrumb","itemListElement":[{"@type":"ListItem","position":1,"name":"Home","item":"https:\/\/www.primigi.it\/de\/"},{"@type":"ListItem","position":2,"name":"Laufende Werbeaktionen"}]},{"@type":"WebSite","@id":"https:\/\/www.primigi.it\/de\/#website","url":"https:\/\/www.primigi.it\/de\/","name":"Primigi","description":"Scarpe e abbigliamento per bambino e bambina","publisher":{"@id":"https:\/\/www.primigi.it\/de\/#organization"},"potentialAction":[{"@type":"SearchAction","target":{"@type":"EntryPoint","urlTemplate":"https:\/\/www.primigi.it\/de\/?s={search_term_string}"},"query-input":"required name=search_term_string"}],"inLanguage":"de-DE"},{"@type":"Organization","@id":"https:\/\/www.primigi.it\/de\/#organization","name":"Primigi","url":"https:\/\/www.primigi.it\/de\/","logo":{"@type":"ImageObject","inLanguage":"de-DE","@id":"https:\/\/www.primigi.it\/de\/#\/schema\/logo\/image\/","url":"https:\/\/www.primigi.it\/wp-content\/uploads\/2023\/03\/cropped-Primigi_logo50_vert-200.png","contentUrl":"https:\/\/www.primigi.it\/wp-content\/uploads\/2023\/03\/cropped-Primigi_logo50_vert-200.png","width":200,"height":208,"caption":"Primigi"},"image":{"@id":"https:\/\/www.primigi.it\/de\/#\/schema\/logo\/image\/"}}]}},"wpml_current_locale":"de_DE","wpml_translations":{"it_IT":{"locale":"it_IT","id":10841,"slug":"promozioni-in-corso","post_title":"Promozioni in corso","href":"https:\/\/www.primigi.it\/promozioni-in-corso\/"},"en_US":{"locale":"en_US","id":14689,"slug":"current-promotions","post_title":"Current Promotions","href":"https:\/\/www.primigi.it\/en\/current-promotions\/"},"fr_FR":{"locale":"fr_FR","id":15064,"slug":"promotions-en-cours","post_title":"Promotions en cours","href":"https:\/\/www.primigi.it\/fr\/promotions-en-cours\/"},"es_ES":{"locale":"es_ES","id":14350,"slug":"promociones-en-curso","post_title":"Promociones en curso","href":"https:\/\/www.primigi.it\/es\/promociones-en-curso\/"}},"_links":{"self":[{"href":"https:\/\/www.primigi.it\/de\/wp-json\/wp\/v2\/pages\/14894"}],"collection":[{"href":"https:\/\/www.primigi.it\/de\/wp-json\/wp\/v2\/pages"}],"about":[{"href":"https:\/\/www.primigi.it\/de\/wp-json\/wp\/v2\/types\/page"}],"author":[{"embeddable":true,"href":"https:\/\/www.primigi.it\/de\/wp-json\/wp\/v2\/users\/4"}],"replies":[{"embeddable":true,"href":"https:\/\/www.primigi.it\/de\/wp-json\/wp\/v2\/comments?post=14894"}],"version-history":[{"count":223,"href":"https:\/\/www.primigi.it\/de\/wp-json\/wp\/v2\/pages\/14894\/revisions"}],"predecessor-version":[{"id":39325,"href":"https:\/\/www.primigi.it\/de\/wp-json\/wp\/v2\/pages\/14894\/revisions\/39325"}],"wp:attachment":[{"href":"https:\/\/www.primigi.it\/de\/wp-json\/wp\/v2\/media?parent=14894"}],"curies":[{"name":"wp","href":"https:\/\/api.w.org\/{rel}","templated":true}]}}