{"id":11673,"date":"2023-03-16T13:32:41","date_gmt":"2023-03-16T12:32:41","guid":{"rendered":"http:\/\/wp.primigi.it\/kontakte\/"},"modified":"2026-03-12T13:56:22","modified_gmt":"2026-03-12T12:56:22","slug":"kontakte","status":"publish","type":"page","link":"https:\/\/www.primigi.it\/de\/kontakte\/","title":{"rendered":"Kontakte"},"content":{"rendered":"\t\t<div data-elementor-type=\"wp-page\" data-elementor-id=\"11673\" class=\"elementor elementor-11673 elementor-676\" data-elementor-post-type=\"page\">\n\t\t\t\t\t\t\t\t\t<section class=\"elementor-section elementor-top-section elementor-element elementor-element-552b844 elementor-section-boxed elementor-section-height-default elementor-section-height-default\" data-id=\"552b844\" data-element_type=\"section\">\n\t\t\t\t\t\t<div class=\"elementor-container elementor-column-gap-default\">\n\t\t\t\t\t<div class=\"elementor-column elementor-col-16 elementor-top-column elementor-element elementor-element-5edb4a6\" data-id=\"5edb4a6\" data-element_type=\"column\">\n\t\t\t<div class=\"elementor-widget-wrap\">\n\t\t\t\t\t\t\t\t\t<\/div>\n\t\t<\/div>\n\t\t\t\t<div class=\"elementor-column elementor-col-66 elementor-top-column elementor-element elementor-element-36f459a\" data-id=\"36f459a\" data-element_type=\"column\">\n\t\t\t<div class=\"elementor-widget-wrap elementor-element-populated\">\n\t\t\t\t\t\t\t\t<div class=\"elementor-element elementor-element-514379a elementor-widget elementor-widget-distanziatore\" data-id=\"514379a\" data-element_type=\"widget\" data-widget_type=\"distanziatore.default\">\n\t\t\t\t<div class=\"elementor-widget-container\">\n\t\t\t\t\t<div class=\"distanziatore-spacer\">\n\t\t\t<div class=\"distanziatore-spacer-inner margin-max\"><\/div>\n\t\t<\/div>\n\t\t\t\t<\/div>\n\t\t\t\t<\/div>\n\t\t\t\t<div class=\"elementor-element elementor-element-5fd1b1f elementor-widget elementor-widget-titolo-e-sottotitolo\" data-id=\"5fd1b1f\" data-element_type=\"widget\" data-widget_type=\"titolo-e-sottotitolo.default\">\n\t\t\t\t<div class=\"elementor-widget-container\">\n\t\t\t<div class=\"titolo-e-sottotitolo\"><div class=\"title__container\"><H2 class=\"title\" style=\"\">Wir sind immer verf\u00fcgbar f\u00fcr alle Bed\u00fcrfnisse<\/H2><\/div><\/div>\t\t<\/div>\n\t\t\t\t<\/div>\n\t\t\t\t<div class=\"elementor-element elementor-element-dc1d13f elementor-widget elementor-widget-distanziatore\" data-id=\"dc1d13f\" data-element_type=\"widget\" data-widget_type=\"distanziatore.default\">\n\t\t\t\t<div class=\"elementor-widget-container\">\n\t\t\t\t\t<div class=\"distanziatore-spacer\">\n\t\t\t<div class=\"distanziatore-spacer-inner margin-max\"><\/div>\n\t\t<\/div>\n\t\t\t\t<\/div>\n\t\t\t\t<\/div>\n\t\t\t\t\t<\/div>\n\t\t<\/div>\n\t\t\t\t<div class=\"elementor-column elementor-col-16 elementor-top-column elementor-element elementor-element-ec4b656\" data-id=\"ec4b656\" data-element_type=\"column\">\n\t\t\t<div class=\"elementor-widget-wrap\">\n\t\t\t\t\t\t\t\t\t<\/div>\n\t\t<\/div>\n\t\t\t\t\t\t\t<\/div>\n\t\t<\/section>\n\t\t\t\t<section class=\"elementor-section elementor-top-section elementor-element elementor-element-18af190 elementor-section-boxed elementor-section-height-default elementor-section-height-default\" data-id=\"18af190\" data-element_type=\"section\">\n\t\t\t\t\t\t<div class=\"elementor-container elementor-column-gap-default\">\n\t\t\t\t\t<div class=\"elementor-column elementor-col-100 elementor-top-column elementor-element elementor-element-3f121bd\" data-id=\"3f121bd\" data-element_type=\"column\">\n\t\t\t<div class=\"elementor-widget-wrap elementor-element-populated\">\n\t\t\t\t\t\t\t\t<div class=\"elementor-element elementor-element-65b3ad6 elementor-widget elementor-widget-shortcode\" data-id=\"65b3ad6\" data-element_type=\"widget\" data-widget_type=\"shortcode.default\">\n\t\t\t\t<div class=\"elementor-widget-container\">\n\t\t\t\t\t<div class=\"elementor-shortcode\">\n<div class=\"wpcf7 no-js\" id=\"wpcf7-f11779-o1\" lang=\"de-DE\" dir=\"ltr\">\n<div class=\"screen-reader-response\"><p role=\"status\" aria-live=\"polite\" aria-atomic=\"true\"><\/p> <ul><\/ul><\/div>\n<form action=\"\/de\/wp-json\/wp\/v2\/pages\/11673#wpcf7-f11779-o1\" method=\"post\" class=\"wpcf7-form init\" aria-label=\"Kontaktformular\" novalidate=\"novalidate\" data-status=\"init\">\n<div style=\"display: none;\">\n<input type=\"hidden\" name=\"_wpcf7\" value=\"11779\" \/>\n<input type=\"hidden\" name=\"_wpcf7_version\" value=\"5.7.7\" \/>\n<input type=\"hidden\" name=\"_wpcf7_locale\" value=\"de_DE\" \/>\n<input type=\"hidden\" name=\"_wpcf7_unit_tag\" value=\"wpcf7-f11779-o1\" \/>\n<input type=\"hidden\" name=\"_wpcf7_container_post\" value=\"0\" \/>\n<input type=\"hidden\" name=\"_wpcf7_posted_data_hash\" value=\"\" \/>\n<input type=\"hidden\" name=\"_wpcf7_recaptcha_response\" value=\"\" \/>\n<\/div>\n<h3 class=\"form_section_title\">F\u00fclle das Formular aus\n<\/h3>\n<div class=\"form_row form_row_100\">\n\t<p><label> <span class=\"label\">Name und Nachname*<\/span><br \/>\n<span class=\"wpcf7-form-control-wrap\" data-name=\"nome_cognome\"><input size=\"40\" maxlength=\"200\" class=\"wpcf7-form-control wpcf7-text wpcf7-validates-as-required\" aria-required=\"true\" aria-invalid=\"false\" value=\"\" type=\"text\" name=\"nome_cognome\" \/><\/span> <\/label>\n\t<\/p>\n<\/div>\n<div class=\"form_row form_row_50\">\n\t<p><label> <span class=\"label\">Email*<\/span><br \/>\n<span class=\"wpcf7-form-control-wrap\" data-name=\"email\"><input size=\"40\" maxlength=\"100\" class=\"wpcf7-form-control wpcf7-text wpcf7-email wpcf7-validates-as-required wpcf7-validates-as-email\" aria-required=\"true\" aria-invalid=\"false\" value=\"\" type=\"email\" name=\"email\" \/><\/span> <\/label><br \/>\n<label> <span class=\"label\">Betreff*<\/span><br \/>\n<span class=\"wpcf7-form-control-wrap\" data-name=\"oggetto\"><input size=\"40\" maxlength=\"200\" class=\"wpcf7-form-control wpcf7-text wpcf7-validates-as-required\" aria-required=\"true\" aria-invalid=\"false\" value=\"\" type=\"text\" name=\"oggetto\" \/><\/span> <\/label>\n\t<\/p>\n<\/div>\n<div class=\"form_row form_row_100\">\n\t<p><label> <span class=\"label\">Nachricht<\/span><br \/>\n<span class=\"wpcf7-form-control-wrap\" data-name=\"messaggio\"><textarea cols=\"40\" rows=\"3\" class=\"wpcf7-form-control wpcf7-textarea\" aria-invalid=\"false\" name=\"messaggio\"><\/textarea><\/span> <\/label>\n\t<\/p>\n<\/div>\n<div class=\"form_row form_row_100\">\n\t<p><span class=\"small_info\">* Alle mit * markierten Felder werden ben\u00f6tigt<\/span>\n\t<\/p>\n<\/div>\n<div class=\"form_row form_row_100 acceptance\">\n\t<p><span class=\"wpcf7-form-control-wrap\" data-name=\"accettazione-privacy\"><span class=\"wpcf7-form-control wpcf7-acceptance\"><span class=\"wpcf7-list-item\"><label><input type=\"checkbox\" name=\"accettazione-privacy\" value=\"1\" aria-invalid=\"false\" \/><span class=\"wpcf7-list-item-label\">Nach Kenntnisnahme des <a href=\"https:\/\/www.imac-italia.it\/documenti\/informativa_utenti_sito_primigi_de.pdf\" target=\"_blank\">Informationshinweises<\/a>, bitte ich  um Kontaktaufnahme mit mir f\u00fcr die Aktivit\u00e4t bez\u00fcglich meiner Anfrage  und genehmige die Verarbeitung meiner personenbezogenen Daten.<\/span><\/label><\/span><\/span><\/span>\n\t<\/p>\n<\/div>\n<div class=\"form_row form_row_100 button_submit\">\n\t<p><input class=\"wpcf7-form-control has-spinner wpcf7-submit\" type=\"submit\" value=\"Senden\" \/>\n\t<\/p>\n<\/div><div class=\"wpcf7-response-output\" aria-hidden=\"true\"><\/div>\n<\/form>\n<\/div>\n<\/div>\n\t\t\t\t<\/div>\n\t\t\t\t<\/div>\n\t\t\t\t\t<\/div>\n\t\t<\/div>\n\t\t\t\t\t\t\t<\/div>\n\t\t<\/section>\n\t\t\t\t<section class=\"elementor-section elementor-top-section elementor-element elementor-element-cf85826 elementor-section-boxed elementor-section-height-default elementor-section-height-default\" data-id=\"cf85826\" data-element_type=\"section\">\n\t\t\t\t\t\t<div class=\"elementor-container elementor-column-gap-default\">\n\t\t\t\t\t<div class=\"elementor-column elementor-col-50 elementor-top-column elementor-element elementor-element-d478a70\" data-id=\"d478a70\" data-element_type=\"column\">\n\t\t\t<div class=\"elementor-widget-wrap elementor-element-populated\">\n\t\t\t\t\t\t\t\t<div class=\"elementor-element elementor-element-3fd8a72 elementor-widget elementor-widget-heading\" data-id=\"3fd8a72\" data-element_type=\"widget\" data-widget_type=\"heading.default\">\n\t\t\t\t<div class=\"elementor-widget-container\">\n\t\t\t<style>\/*! elementor - v3.14.0 - 26-06-2023 *\/\n.elementor-heading-title{padding:0;margin:0;line-height:1}.elementor-widget-heading .elementor-heading-title[class*=elementor-size-]>a{color:inherit;font-size:inherit;line-height:inherit}.elementor-widget-heading .elementor-heading-title.elementor-size-small{font-size:15px}.elementor-widget-heading .elementor-heading-title.elementor-size-medium{font-size:19px}.elementor-widget-heading .elementor-heading-title.elementor-size-large{font-size:29px}.elementor-widget-heading .elementor-heading-title.elementor-size-xl{font-size:39px}.elementor-widget-heading .elementor-heading-title.elementor-size-xxl{font-size:59px}<\/style><h3 class=\"elementor-heading-title elementor-size-default\">Unternehmen<\/h3>\t\t<\/div>\n\t\t\t\t<\/div>\n\t\t\t\t<div class=\"elementor-element elementor-element-e89efa5 elementor-widget elementor-widget-heading\" data-id=\"e89efa5\" data-element_type=\"widget\" data-widget_type=\"heading.default\">\n\t\t\t\t<div class=\"elementor-widget-container\">\n\t\t\t<div class=\"elementor-heading-title elementor-size-default\">IMAC spa - IGI Division<\/div>\t\t<\/div>\n\t\t\t\t<\/div>\n\t\t\t\t<div class=\"elementor-element elementor-element-326713f elementor-widget elementor-widget-heading\" data-id=\"326713f\" data-element_type=\"widget\" data-widget_type=\"heading.default\">\n\t\t\t\t<div class=\"elementor-widget-container\">\n\t\t\t<div class=\"elementor-heading-title elementor-size-default\">+39 075 50281<\/div>\t\t<\/div>\n\t\t\t\t<\/div>\n\t\t\t\t<div class=\"elementor-element elementor-element-173211c elementor-widget elementor-widget-heading\" data-id=\"173211c\" data-element_type=\"widget\" data-widget_type=\"heading.default\">\n\t\t\t\t<div class=\"elementor-widget-container\">\n\t\t\t<div class=\"elementor-heading-title elementor-size-default\"><strong>Fax<\/strong> +39 075 5171795<\/div>\t\t<\/div>\n\t\t\t\t<\/div>\n\t\t\t\t<div class=\"elementor-element elementor-element-36d62b1 elementor-widget elementor-widget-text-editor\" data-id=\"36d62b1\" data-element_type=\"widget\" data-widget_type=\"text-editor.default\">\n\t\t\t\t<div class=\"elementor-widget-container\">\n\t\t\t<style>\/*! elementor - v3.14.0 - 26-06-2023 *\/\n.elementor-widget-text-editor.elementor-drop-cap-view-stacked .elementor-drop-cap{background-color:#69727d;color:#fff}.elementor-widget-text-editor.elementor-drop-cap-view-framed .elementor-drop-cap{color:#69727d;border:3px solid;background-color:transparent}.elementor-widget-text-editor:not(.elementor-drop-cap-view-default) .elementor-drop-cap{margin-top:8px}.elementor-widget-text-editor:not(.elementor-drop-cap-view-default) .elementor-drop-cap-letter{width:1em;height:1em}.elementor-widget-text-editor .elementor-drop-cap{float:left;text-align:center;line-height:1;font-size:50px}.elementor-widget-text-editor .elementor-drop-cap-letter{display:inline-block}<\/style>\t\t\t\t<p>Via Sandro Pertini, 6<br \/>06073 Ellera di Corciano (PG) <br \/>P. Iva 00985500446<\/p>\t\t\t\t\t\t<\/div>\n\t\t\t\t<\/div>\n\t\t\t\t\t<\/div>\n\t\t<\/div>\n\t\t\t\t<div class=\"elementor-column elementor-col-50 elementor-top-column elementor-element elementor-element-c5bae68\" data-id=\"c5bae68\" data-element_type=\"column\">\n\t\t\t<div class=\"elementor-widget-wrap elementor-element-populated\">\n\t\t\t\t\t\t\t\t<div class=\"elementor-element elementor-element-80b9c01 elementor-widget elementor-widget-heading\" data-id=\"80b9c01\" data-element_type=\"widget\" data-widget_type=\"heading.default\">\n\t\t\t\t<div class=\"elementor-widget-container\">\n\t\t\t<h3 class=\"elementor-heading-title elementor-size-default\">Kundendienst<\/h3>\t\t<\/div>\n\t\t\t\t<\/div>\n\t\t\t\t<div class=\"elementor-element elementor-element-511e3d5 elementor-widget elementor-widget-heading\" data-id=\"511e3d5\" data-element_type=\"widget\" data-widget_type=\"heading.default\">\n\t\t\t\t<div class=\"elementor-widget-container\">\n\t\t\t<div class=\"elementor-heading-title elementor-size-default\"><a href=\"mailto:assistenza.shoponline@primigi.it\">assistenza.shoponline@primigi.it<\/a><\/div>\t\t<\/div>\n\t\t\t\t<\/div>\n\t\t\t\t\t<\/div>\n\t\t<\/div>\n\t\t\t\t\t\t\t<\/div>\n\t\t<\/section>\n\t\t\t\t\t\t\t<\/div>\n\t\t","protected":false},"excerpt":{"rendered":"<p>Wir sind immer verf\u00fcgbar f\u00fcr alle Bed\u00fcrfnisse Unternehmen IMAC spa &#8211; IGI Division +39 075 50281 Fax +39 075 5171795 Via Sandro Pertini, 606073 Ellera di Corciano (PG) P. Iva 00985500446 Kundendienst assistenza.shoponline@primigi.it<\/p>\n","protected":false},"author":4,"featured_media":0,"parent":0,"menu_order":0,"comment_status":"closed","ping_status":"closed","template":"","meta":{"site-sidebar-layout":"no-sidebar","site-content-layout":"page-builder","ast-global-header-display":"","ast-banner-title-visibility":"","ast-main-header-display":"","ast-hfb-above-header-display":"","ast-hfb-below-header-display":"","ast-hfb-mobile-header-display":"","site-post-title":"disabled","ast-breadcrumbs-content":"","ast-featured-img":"disabled","footer-sml-layout":"","theme-transparent-header-meta":"","adv-header-id-meta":"","stick-header-meta":"","header-above-stick-meta":"","header-main-stick-meta":"","header-below-stick-meta":""},"acf":[],"yoast_head":"<!-- This site is optimized with the Yoast SEO plugin v20.11 - https:\/\/yoast.com\/wordpress\/plugins\/seo\/ -->\n<title>Kontakte - Primigi<\/title>\n<meta name=\"description\" content=\"Primigi - Kontakte - Entra in contatto con noi, compila il form il nostro ufficio assistenza \u00e8 a tua completa disposizione\" \/>\n<meta name=\"robots\" content=\"index, follow, max-snippet:-1, max-image-preview:large, max-video-preview:-1\" \/>\n<link rel=\"canonical\" href=\"https:\/\/www.primigi.it\/de\/kontakte\/\" \/>\n<meta property=\"og:locale\" content=\"de_DE\" \/>\n<meta property=\"og:type\" content=\"article\" \/>\n<meta property=\"og:title\" content=\"Kontakte - Primigi\" \/>\n<meta property=\"og:description\" content=\"Primigi - Kontakte - Entra in contatto con noi, compila il form il nostro ufficio assistenza \u00e8 a tua completa disposizione\" \/>\n<meta property=\"og:url\" content=\"https:\/\/www.primigi.it\/de\/kontakte\/\" \/>\n<meta property=\"og:site_name\" content=\"Primigi\" \/>\n<meta property=\"article:modified_time\" content=\"2026-03-12T12:56:22+00:00\" \/>\n<meta name=\"twitter:card\" content=\"summary_large_image\" \/>\n<meta name=\"twitter:label1\" content=\"Gesch\u00e4tzte Lesezeit\" \/>\n\t<meta name=\"twitter:data1\" content=\"1 Minute\" \/>\n<script type=\"application\/ld+json\" class=\"yoast-schema-graph\">{\"@context\":\"https:\/\/schema.org\",\"@graph\":[{\"@type\":\"WebPage\",\"@id\":\"https:\/\/www.primigi.it\/de\/kontakte\/\",\"url\":\"https:\/\/www.primigi.it\/de\/kontakte\/\",\"name\":\"Kontakte - Primigi\",\"isPartOf\":{\"@id\":\"https:\/\/www.primigi.it\/de\/#website\"},\"datePublished\":\"2023-03-16T12:32:41+00:00\",\"dateModified\":\"2026-03-12T12:56:22+00:00\",\"description\":\"Primigi - Kontakte - Entra in contatto con noi, compila il form il nostro ufficio assistenza \u00e8 a tua completa disposizione\",\"breadcrumb\":{\"@id\":\"https:\/\/www.primigi.it\/de\/kontakte\/#breadcrumb\"},\"inLanguage\":\"de-DE\",\"potentialAction\":[{\"@type\":\"ReadAction\",\"target\":[\"https:\/\/www.primigi.it\/de\/kontakte\/\"]}]},{\"@type\":\"BreadcrumbList\",\"@id\":\"https:\/\/www.primigi.it\/de\/kontakte\/#breadcrumb\",\"itemListElement\":[{\"@type\":\"ListItem\",\"position\":1,\"name\":\"Home\",\"item\":\"https:\/\/www.primigi.it\/de\/\"},{\"@type\":\"ListItem\",\"position\":2,\"name\":\"Kontakte\"}]},{\"@type\":\"WebSite\",\"@id\":\"https:\/\/www.primigi.it\/de\/#website\",\"url\":\"https:\/\/www.primigi.it\/de\/\",\"name\":\"Primigi\",\"description\":\"Scarpe e abbigliamento per bambino e bambina\",\"publisher\":{\"@id\":\"https:\/\/www.primigi.it\/de\/#organization\"},\"potentialAction\":[{\"@type\":\"SearchAction\",\"target\":{\"@type\":\"EntryPoint\",\"urlTemplate\":\"https:\/\/www.primigi.it\/de\/?s={search_term_string}\"},\"query-input\":\"required name=search_term_string\"}],\"inLanguage\":\"de-DE\"},{\"@type\":\"Organization\",\"@id\":\"https:\/\/www.primigi.it\/de\/#organization\",\"name\":\"Primigi\",\"url\":\"https:\/\/www.primigi.it\/de\/\",\"logo\":{\"@type\":\"ImageObject\",\"inLanguage\":\"de-DE\",\"@id\":\"https:\/\/www.primigi.it\/de\/#\/schema\/logo\/image\/\",\"url\":\"https:\/\/www.primigi.it\/wp-content\/uploads\/2023\/03\/cropped-Primigi_logo50_vert-200.png\",\"contentUrl\":\"https:\/\/www.primigi.it\/wp-content\/uploads\/2023\/03\/cropped-Primigi_logo50_vert-200.png\",\"width\":200,\"height\":208,\"caption\":\"Primigi\"},\"image\":{\"@id\":\"https:\/\/www.primigi.it\/de\/#\/schema\/logo\/image\/\"}}]}<\/script>\n<!-- \/ Yoast SEO plugin. -->","yoast_head_json":{"title":"Kontakte - Primigi","description":"Primigi - Kontakte - Entra in contatto con noi, compila il form il nostro ufficio assistenza \u00e8 a tua completa disposizione","robots":{"index":"index","follow":"follow","max-snippet":"max-snippet:-1","max-image-preview":"max-image-preview:large","max-video-preview":"max-video-preview:-1"},"canonical":"https:\/\/www.primigi.it\/de\/kontakte\/","og_locale":"de_DE","og_type":"article","og_title":"Kontakte - Primigi","og_description":"Primigi - Kontakte - Entra in contatto con noi, compila il form il nostro ufficio assistenza \u00e8 a tua completa disposizione","og_url":"https:\/\/www.primigi.it\/de\/kontakte\/","og_site_name":"Primigi","article_modified_time":"2026-03-12T12:56:22+00:00","twitter_card":"summary_large_image","twitter_misc":{"Gesch\u00e4tzte Lesezeit":"1 Minute"},"schema":{"@context":"https:\/\/schema.org","@graph":[{"@type":"WebPage","@id":"https:\/\/www.primigi.it\/de\/kontakte\/","url":"https:\/\/www.primigi.it\/de\/kontakte\/","name":"Kontakte - Primigi","isPartOf":{"@id":"https:\/\/www.primigi.it\/de\/#website"},"datePublished":"2023-03-16T12:32:41+00:00","dateModified":"2026-03-12T12:56:22+00:00","description":"Primigi - Kontakte - Entra in contatto con noi, compila il form il nostro ufficio assistenza \u00e8 a tua completa disposizione","breadcrumb":{"@id":"https:\/\/www.primigi.it\/de\/kontakte\/#breadcrumb"},"inLanguage":"de-DE","potentialAction":[{"@type":"ReadAction","target":["https:\/\/www.primigi.it\/de\/kontakte\/"]}]},{"@type":"BreadcrumbList","@id":"https:\/\/www.primigi.it\/de\/kontakte\/#breadcrumb","itemListElement":[{"@type":"ListItem","position":1,"name":"Home","item":"https:\/\/www.primigi.it\/de\/"},{"@type":"ListItem","position":2,"name":"Kontakte"}]},{"@type":"WebSite","@id":"https:\/\/www.primigi.it\/de\/#website","url":"https:\/\/www.primigi.it\/de\/","name":"Primigi","description":"Scarpe e abbigliamento per bambino e bambina","publisher":{"@id":"https:\/\/www.primigi.it\/de\/#organization"},"potentialAction":[{"@type":"SearchAction","target":{"@type":"EntryPoint","urlTemplate":"https:\/\/www.primigi.it\/de\/?s={search_term_string}"},"query-input":"required name=search_term_string"}],"inLanguage":"de-DE"},{"@type":"Organization","@id":"https:\/\/www.primigi.it\/de\/#organization","name":"Primigi","url":"https:\/\/www.primigi.it\/de\/","logo":{"@type":"ImageObject","inLanguage":"de-DE","@id":"https:\/\/www.primigi.it\/de\/#\/schema\/logo\/image\/","url":"https:\/\/www.primigi.it\/wp-content\/uploads\/2023\/03\/cropped-Primigi_logo50_vert-200.png","contentUrl":"https:\/\/www.primigi.it\/wp-content\/uploads\/2023\/03\/cropped-Primigi_logo50_vert-200.png","width":200,"height":208,"caption":"Primigi"},"image":{"@id":"https:\/\/www.primigi.it\/de\/#\/schema\/logo\/image\/"}}]}},"wpml_current_locale":"de_DE","wpml_translations":{"it_IT":{"locale":"it_IT","id":676,"slug":"contatti","post_title":"Contatti","href":"https:\/\/www.primigi.it\/contatti\/"},"en_US":{"locale":"en_US","id":11654,"slug":"contacts","post_title":"Contacts","href":"https:\/\/www.primigi.it\/en\/contacts\/"},"fr_FR":{"locale":"fr_FR","id":11667,"slug":"contact","post_title":"Contact","href":"https:\/\/www.primigi.it\/fr\/contact\/"},"ru_RU":{"locale":"ru_RU","id":11675,"slug":"%d0%ba%d0%be%d0%bd%d1%82%d0%b0%d0%ba%d1%82%d1%8b","post_title":"\u041a\u041e\u041d\u0422\u0410\u041a\u0422\u042b","href":"https:\/\/www.primigi.it\/ru\/%D0%BA%D0%BE%D0%BD%D1%82%D0%B0%D0%BA%D1%82%D1%8B\/"},"es_ES":{"locale":"es_ES","id":11677,"slug":"contactos","post_title":"Contactos","href":"https:\/\/www.primigi.it\/es\/contactos\/"}},"_links":{"self":[{"href":"https:\/\/www.primigi.it\/de\/wp-json\/wp\/v2\/pages\/11673"}],"collection":[{"href":"https:\/\/www.primigi.it\/de\/wp-json\/wp\/v2\/pages"}],"about":[{"href":"https:\/\/www.primigi.it\/de\/wp-json\/wp\/v2\/types\/page"}],"author":[{"embeddable":true,"href":"https:\/\/www.primigi.it\/de\/wp-json\/wp\/v2\/users\/4"}],"replies":[{"embeddable":true,"href":"https:\/\/www.primigi.it\/de\/wp-json\/wp\/v2\/comments?post=11673"}],"version-history":[{"count":28,"href":"https:\/\/www.primigi.it\/de\/wp-json\/wp\/v2\/pages\/11673\/revisions"}],"predecessor-version":[{"id":36993,"href":"https:\/\/www.primigi.it\/de\/wp-json\/wp\/v2\/pages\/11673\/revisions\/36993"}],"wp:attachment":[{"href":"https:\/\/www.primigi.it\/de\/wp-json\/wp\/v2\/media?parent=11673"}],"curies":[{"name":"wp","href":"https:\/\/api.w.org\/{rel}","templated":true}]}}